{"id":85,"date":"2022-07-19T10:51:30","date_gmt":"2022-07-19T08:51:30","guid":{"rendered":"https:\/\/moelcolevante.net\/?page_id=85"},"modified":"2022-09-01T11:27:00","modified_gmt":"2022-09-01T09:27:00","slug":"grupo-frigorifico","status":"publish","type":"page","link":"https:\/\/moelcolevante.net\/en\/grupo-frigorifico\/","title":{"rendered":"Refrigeration group"},"content":{"rendered":"<div data-elementor-type=\"wp-page\" data-elementor-id=\"85\" class=\"elementor elementor-85\" data-elementor-post-type=\"page\">\n\t\t\t\t\t\t<section class=\"elementor-section elementor-top-section elementor-element elementor-element-23559280 elementor-section-height-min-height elementor-section-boxed elementor-section-height-default elementor-section-items-middle\" data-id=\"23559280\" data-element_type=\"section\" data-e-type=\"section\" data-settings=\"{&quot;background_background&quot;:&quot;classic&quot;}\">\n\t\t\t\t\t\t\t<div class=\"elementor-background-overlay\"><\/div>\n\t\t\t\t\t\t\t<div class=\"elementor-container elementor-column-gap-wider\">\n\t\t\t\t\t<div class=\"elementor-column elementor-col-50 elementor-top-column elementor-element elementor-element-1d72d8cd\" data-id=\"1d72d8cd\" data-element_type=\"column\" data-e-type=\"column\" data-settings=\"{&quot;background_background&quot;:&quot;classic&quot;}\">\n\t\t\t<div class=\"elementor-widget-wrap elementor-element-populated\">\n\t\t\t\t\t\t<div class=\"elementor-element elementor-element-330845f4 elementor-widget elementor-widget-heading\" data-id=\"330845f4\" data-element_type=\"widget\" data-e-type=\"widget\" data-widget_type=\"heading.default\">\n\t\t\t\t<div class=\"elementor-widget-container\">\n\t\t\t\t\t<h1 class=\"elementor-heading-title elementor-size-default\">Refrigeration Group<\/h1>\t\t\t\t<\/div>\n\t\t\t\t<\/div>\n\t\t\t\t\t<\/div>\n\t\t<\/div>\n\t\t\t\t<div class=\"elementor-column elementor-col-50 elementor-top-column elementor-element elementor-element-46720991\" data-id=\"46720991\" data-element_type=\"column\" data-e-type=\"column\">\n\t\t\t<div class=\"elementor-widget-wrap\">\n\t\t\t\t\t\t\t<\/div>\n\t\t<\/div>\n\t\t\t\t\t<\/div>\n\t\t<\/section>\n\t\t\t\t<section class=\"elementor-section elementor-top-section elementor-element elementor-element-5f0db2cd elementor-section-boxed elementor-section-height-default elementor-section-height-default\" data-id=\"5f0db2cd\" data-element_type=\"section\" data-e-type=\"section\">\n\t\t\t\t\t\t<div class=\"elementor-container elementor-column-gap-wider\">\n\t\t\t\t\t<div class=\"elementor-column elementor-col-100 elementor-top-column elementor-element elementor-element-446cd37d\" data-id=\"446cd37d\" data-element_type=\"column\" data-e-type=\"column\">\n\t\t\t<div class=\"elementor-widget-wrap elementor-element-populated\">\n\t\t\t\t\t\t<div class=\"elementor-element elementor-element-1a4439cb elementor-widget__width-auto elementor-icon-list--layout-traditional elementor-list-item-link-full_width elementor-widget elementor-widget-icon-list\" data-id=\"1a4439cb\" data-element_type=\"widget\" data-e-type=\"widget\" data-widget_type=\"icon-list.default\">\n\t\t\t\t<div class=\"elementor-widget-container\">\n\t\t\t\t\t\t\t<ul class=\"elementor-icon-list-items\">\n\t\t\t\t\t\t\t<li class=\"elementor-icon-list-item\">\n\t\t\t\t\t\t\t\t\t\t\t<span class=\"elementor-icon-list-icon\">\n\t\t\t\t\t\t\t<i aria-hidden=\"true\" class=\"jki jki-flash-light\"><\/i>\t\t\t\t\t\t<\/span>\n\t\t\t\t\t\t\t\t\t\t<span class=\"elementor-icon-list-text\">Vacuum Cooler<\/span>\n\t\t\t\t\t\t\t\t\t<\/li>\n\t\t\t\t\t\t<\/ul>\n\t\t\t\t\t\t<\/div>\n\t\t\t\t<\/div>\n\t\t\t\t<div class=\"elementor-element elementor-element-b0c32b7 elementor-widget elementor-widget-heading\" data-id=\"b0c32b7\" data-element_type=\"widget\" data-e-type=\"widget\" data-widget_type=\"heading.default\">\n\t\t\t\t<div class=\"elementor-widget-container\">\n\t\t\t\t\t<h2 class=\"elementor-heading-title elementor-size-default\">Components of a Refrigeration Unit<\/h2>\t\t\t\t<\/div>\n\t\t\t\t<\/div>\n\t\t\t\t<div class=\"elementor-element elementor-element-39c7707e elementor-widget elementor-widget-text-editor\" data-id=\"39c7707e\" data-element_type=\"widget\" data-e-type=\"widget\" data-widget_type=\"text-editor.default\">\n\t\t\t\t<div class=\"elementor-widget-container\">\n\t\t\t\t\t\t\t\t\t<p>The installation of a <strong>Refrigeration Group<\/strong> is made up of a set of elements, including the following elements <strong>evaporator coils<\/strong> inside the chamber, constituting a closed refrigeration circuit through which the refrigerant circulates in order to condense the water vapor generated during each cooling cycle inside the chamber. <a href=\"https:\/\/moelcolevante.net\/en\/camara-de-proceso\/\">camera<\/a>.<\/p>\t\t\t\t\t\t\t\t<\/div>\n\t\t\t\t<\/div>\n\t\t\t\t<section class=\"elementor-section elementor-inner-section elementor-element elementor-element-188758b6 elementor-section-boxed elementor-section-height-default elementor-section-height-default\" data-id=\"188758b6\" data-element_type=\"section\" data-e-type=\"section\">\n\t\t\t\t\t\t<div class=\"elementor-container elementor-column-gap-default\">\n\t\t\t\t\t<div class=\"elementor-column elementor-col-50 elementor-inner-column elementor-element elementor-element-28174631\" data-id=\"28174631\" data-element_type=\"column\" data-e-type=\"column\">\n\t\t\t<div class=\"elementor-widget-wrap elementor-element-populated\">\n\t\t\t\t\t\t<div class=\"elementor-element elementor-element-53b5fd15 elementor-widget elementor-widget-image\" data-id=\"53b5fd15\" data-element_type=\"widget\" data-e-type=\"widget\" data-widget_type=\"image.default\">\n\t\t\t\t<div class=\"elementor-widget-container\">\n\t\t\t\t\t\t\t\t\t\t\t\t\t\t\t<img fetchpriority=\"high\" decoding=\"async\" width=\"600\" height=\"800\" src=\"https:\/\/moelcolevante.net\/wp-content\/uploads\/2022\/08\/V58-bateria-frio.jpg\" class=\"attachment-full size-full wp-image-473\" alt=\"grupo-frigorifico\" srcset=\"https:\/\/moelcolevante.net\/wp-content\/uploads\/2022\/08\/V58-bateria-frio.jpg 600w, https:\/\/moelcolevante.net\/wp-content\/uploads\/2022\/08\/V58-bateria-frio-225x300.jpg 225w\" sizes=\"(max-width: 600px) 100vw, 600px\" title=\"\">\t\t\t\t\t\t\t\t\t\t\t\t\t\t\t<\/div>\n\t\t\t\t<\/div>\n\t\t\t\t\t<\/div>\n\t\t<\/div>\n\t\t\t\t<div class=\"elementor-column elementor-col-50 elementor-inner-column elementor-element elementor-element-7a3632ac\" data-id=\"7a3632ac\" data-element_type=\"column\" data-e-type=\"column\">\n\t\t\t<div class=\"elementor-widget-wrap elementor-element-populated\">\n\t\t\t\t\t\t<div class=\"elementor-element elementor-element-776af14a elementor-widget elementor-widget-image\" data-id=\"776af14a\" data-element_type=\"widget\" data-e-type=\"widget\" data-widget_type=\"image.default\">\n\t\t\t\t<div class=\"elementor-widget-container\">\n\t\t\t\t\t\t\t\t\t\t\t\t\t\t\t<img decoding=\"async\" src=\"https:\/\/moelcolevante.net\/wp-content\/uploads\/elementor\/thumbs\/V117-bateria-frio-1024x768-1-ptebg15wtvvmg52y8q861ka31ha1ipxuuid25vl1ay.jpg\" title=\"V117-bateria-frio-1024&#215;768\" alt=\"V117-bateria-frio-1024x768\" loading=\"lazy\" \/>\t\t\t\t\t\t\t\t\t\t\t\t\t\t\t<\/div>\n\t\t\t\t<\/div>\n\t\t\t\t\t<\/div>\n\t\t<\/div>\n\t\t\t\t\t<\/div>\n\t\t<\/section>\n\t\t\t\t<div class=\"elementor-element elementor-element-fc6bd82 elementor-widget elementor-widget-text-editor\" data-id=\"fc6bd82\" data-element_type=\"widget\" data-e-type=\"widget\" data-widget_type=\"text-editor.default\">\n\t\t\t\t<div class=\"elementor-widget-container\">\n\t\t\t\t\t\t\t\t\t<p>In case the customer has a refrigeration unit, Moelco Levante will install evaporator coils inside the process chamber according to the refrigeration needs of the installation of a refrigeration unit.<\/p><p>In addition to the evaporator coils, the refrigeration system has the following elements:<\/p><ul><li><strong>Expansion valve<\/strong>to regulate the injection of liquid refrigerant to the evaporator coils. The valves we use are\u00a0<a style=\"font-size: 18px;\" href=\"https:\/\/www.danfoss.com\/es-es\/\" target=\"_blank\" rel=\"noopener\"><strong>Danfoss\u00a0<\/strong><\/a>and\u00a0<strong>Castel<\/strong>.<\/li><\/ul>\t\t\t\t\t\t\t\t<\/div>\n\t\t\t\t<\/div>\n\t\t\t\t<section class=\"elementor-section elementor-inner-section elementor-element elementor-element-0454655 elementor-section-boxed elementor-section-height-default elementor-section-height-default\" data-id=\"0454655\" data-element_type=\"section\" data-e-type=\"section\">\n\t\t\t\t\t\t<div class=\"elementor-container elementor-column-gap-default\">\n\t\t\t\t\t<div class=\"elementor-column elementor-col-50 elementor-inner-column elementor-element elementor-element-c850e5a\" data-id=\"c850e5a\" data-element_type=\"column\" data-e-type=\"column\">\n\t\t\t<div class=\"elementor-widget-wrap elementor-element-populated\">\n\t\t\t\t\t\t<div class=\"elementor-element elementor-element-169187b elementor-widget elementor-widget-image\" data-id=\"169187b\" data-element_type=\"widget\" data-e-type=\"widget\" data-widget_type=\"image.default\">\n\t\t\t\t<div class=\"elementor-widget-container\">\n\t\t\t\t\t\t\t\t\t\t\t\t\t\t\t<img decoding=\"async\" width=\"301\" height=\"276\" src=\"https:\/\/moelcolevante.net\/wp-content\/uploads\/2022\/08\/valv-danfoss.png\" class=\"attachment-full size-full wp-image-475\" alt=\"\" title=\"\">\t\t\t\t\t\t\t\t\t\t\t\t\t\t\t<\/div>\n\t\t\t\t<\/div>\n\t\t\t\t<div class=\"elementor-element elementor-element-c5be4d4 elementor-widget elementor-widget-heading\" data-id=\"c5be4d4\" data-element_type=\"widget\" data-e-type=\"widget\" data-widget_type=\"heading.default\">\n\t\t\t\t<div class=\"elementor-widget-container\">\n\t\t\t\t\t<p class=\"elementor-heading-title elementor-size-default\">V\u00e1lvula Danfoss<\/p>\t\t\t\t<\/div>\n\t\t\t\t<\/div>\n\t\t\t\t\t<\/div>\n\t\t<\/div>\n\t\t\t\t<div class=\"elementor-column elementor-col-50 elementor-inner-column elementor-element elementor-element-9f74688\" data-id=\"9f74688\" data-element_type=\"column\" data-e-type=\"column\">\n\t\t\t<div class=\"elementor-widget-wrap elementor-element-populated\">\n\t\t\t\t\t\t<div class=\"elementor-element elementor-element-dd495aa elementor-widget elementor-widget-image\" data-id=\"dd495aa\" data-element_type=\"widget\" data-e-type=\"widget\" data-widget_type=\"image.default\">\n\t\t\t\t<div class=\"elementor-widget-container\">\n\t\t\t\t\t\t\t\t\t\t\t\t\t\t\t<img decoding=\"async\" width=\"384\" height=\"237\" src=\"https:\/\/moelcolevante.net\/wp-content\/uploads\/2022\/08\/valv-castel.png\" class=\"attachment-full size-full wp-image-476\" alt=\"\" srcset=\"https:\/\/moelcolevante.net\/wp-content\/uploads\/2022\/08\/valv-castel.png 384w, https:\/\/moelcolevante.net\/wp-content\/uploads\/2022\/08\/valv-castel-300x185.png 300w\" sizes=\"(max-width: 384px) 100vw, 384px\" title=\"\">\t\t\t\t\t\t\t\t\t\t\t\t\t\t\t<\/div>\n\t\t\t\t<\/div>\n\t\t\t\t<div class=\"elementor-element elementor-element-14d6ef7 elementor-widget elementor-widget-heading\" data-id=\"14d6ef7\" data-element_type=\"widget\" data-e-type=\"widget\" data-widget_type=\"heading.default\">\n\t\t\t\t<div class=\"elementor-widget-container\">\n\t\t\t\t\t<p class=\"elementor-heading-title elementor-size-default\">V\u00e1lvula Castel<\/p>\t\t\t\t<\/div>\n\t\t\t\t<\/div>\n\t\t\t\t\t<\/div>\n\t\t<\/div>\n\t\t\t\t\t<\/div>\n\t\t<\/section>\n\t\t\t\t<div class=\"elementor-element elementor-element-c909c59 elementor-widget elementor-widget-text-editor\" data-id=\"c909c59\" data-element_type=\"widget\" data-e-type=\"widget\" data-widget_type=\"text-editor.default\">\n\t\t\t\t<div class=\"elementor-widget-container\">\n\t\t\t\t\t\t\t\t\t<ul><li><strong>Compressors<\/strong>. The compressor that is part of a refrigeration unit absorbs the refrigerant in gaseous form at low pressure and low temperature from the suction pipe coming from the evaporator coils and moves it by compressing it and raising its pressure and temperature to the discharge pipe where it will be directed to the condenser. Each compressor has high and low pressure safety limiters (high\/low pressure switches) to prevent the compressors from exceeding the established working limits. The compressors we use are the best on the market: <a style=\"font-size: 18px;\" href=\"https:\/\/www.bitzer.de\/es\/es\/\" target=\"_blank\" rel=\"noopener\"><strong>Bitzer\u00a0<\/strong><\/a>and\u00a0<a style=\"font-size: 18px;\" href=\"https:\/\/climate.emerson.com\/es-es\/brands\/copeland\" target=\"_blank\" rel=\"noopener\"><strong>Copeland<\/strong><\/a>.<\/li><\/ul>\t\t\t\t\t\t\t\t<\/div>\n\t\t\t\t<\/div>\n\t\t\t\t<section class=\"elementor-section elementor-inner-section elementor-element elementor-element-fb355db elementor-section-boxed elementor-section-height-default elementor-section-height-default\" data-id=\"fb355db\" data-element_type=\"section\" data-e-type=\"section\">\n\t\t\t\t\t\t<div class=\"elementor-container elementor-column-gap-default\">\n\t\t\t\t\t<div class=\"elementor-column elementor-col-50 elementor-inner-column elementor-element elementor-element-e6d6d04\" data-id=\"e6d6d04\" data-element_type=\"column\" data-e-type=\"column\">\n\t\t\t<div class=\"elementor-widget-wrap elementor-element-populated\">\n\t\t\t\t\t\t<div class=\"elementor-element elementor-element-3189085 elementor-widget elementor-widget-image\" data-id=\"3189085\" data-element_type=\"widget\" data-e-type=\"widget\" data-widget_type=\"image.default\">\n\t\t\t\t<div class=\"elementor-widget-container\">\n\t\t\t\t\t\t\t\t\t\t\t\t\t\t\t<img loading=\"lazy\" decoding=\"async\" width=\"338\" height=\"304\" src=\"https:\/\/moelcolevante.net\/wp-content\/uploads\/2022\/08\/copeland.png\" class=\"attachment-full size-full wp-image-483\" alt=\"\" srcset=\"https:\/\/moelcolevante.net\/wp-content\/uploads\/2022\/08\/copeland.png 338w, https:\/\/moelcolevante.net\/wp-content\/uploads\/2022\/08\/copeland-300x270.png 300w\" sizes=\"(max-width: 338px) 100vw, 338px\" title=\"\">\t\t\t\t\t\t\t\t\t\t\t\t\t\t\t<\/div>\n\t\t\t\t<\/div>\n\t\t\t\t<div class=\"elementor-element elementor-element-bc8798d elementor-widget elementor-widget-heading\" data-id=\"bc8798d\" data-element_type=\"widget\" data-e-type=\"widget\" data-widget_type=\"heading.default\">\n\t\t\t\t<div class=\"elementor-widget-container\">\n\t\t\t\t\t<p class=\"elementor-heading-title elementor-size-default\">Copeland Compressor<\/p>\t\t\t\t<\/div>\n\t\t\t\t<\/div>\n\t\t\t\t\t<\/div>\n\t\t<\/div>\n\t\t\t\t<div class=\"elementor-column elementor-col-50 elementor-inner-column elementor-element elementor-element-f6738cf\" data-id=\"f6738cf\" data-element_type=\"column\" data-e-type=\"column\">\n\t\t\t<div class=\"elementor-widget-wrap elementor-element-populated\">\n\t\t\t\t\t\t<div class=\"elementor-element elementor-element-361228f elementor-widget elementor-widget-image\" data-id=\"361228f\" data-element_type=\"widget\" data-e-type=\"widget\" data-widget_type=\"image.default\">\n\t\t\t\t<div class=\"elementor-widget-container\">\n\t\t\t\t\t\t\t\t\t\t\t\t\t\t\t<img loading=\"lazy\" decoding=\"async\" width=\"202\" height=\"192\" src=\"https:\/\/moelcolevante.net\/wp-content\/uploads\/2022\/08\/bitzer.png\" class=\"attachment-full size-full wp-image-484\" alt=\"\" title=\"\">\t\t\t\t\t\t\t\t\t\t\t\t\t\t\t<\/div>\n\t\t\t\t<\/div>\n\t\t\t\t<div class=\"elementor-element elementor-element-bbbc4ef elementor-widget elementor-widget-heading\" data-id=\"bbbc4ef\" data-element_type=\"widget\" data-e-type=\"widget\" data-widget_type=\"heading.default\">\n\t\t\t\t<div class=\"elementor-widget-container\">\n\t\t\t\t\t<p class=\"elementor-heading-title elementor-size-default\">Bitzer Compressor<\/p>\t\t\t\t<\/div>\n\t\t\t\t<\/div>\n\t\t\t\t\t<\/div>\n\t\t<\/div>\n\t\t\t\t\t<\/div>\n\t\t<\/section>\n\t\t\t\t\t<\/div>\n\t\t<\/div>\n\t\t\t\t\t<\/div>\n\t\t<\/section>\n\t\t\t\t<section class=\"elementor-section elementor-top-section elementor-element elementor-element-7b010003 elementor-section-boxed elementor-section-height-default elementor-section-height-default\" data-id=\"7b010003\" data-element_type=\"section\" data-e-type=\"section\" data-settings=\"{&quot;background_background&quot;:&quot;classic&quot;}\">\n\t\t\t\t\t\t<div class=\"elementor-container elementor-column-gap-wider\">\n\t\t\t\t\t<div class=\"elementor-column elementor-col-100 elementor-top-column elementor-element elementor-element-1a0efe52\" data-id=\"1a0efe52\" data-element_type=\"column\" data-e-type=\"column\">\n\t\t\t<div class=\"elementor-widget-wrap elementor-element-populated\">\n\t\t\t\t\t\t<section class=\"elementor-section elementor-inner-section elementor-element elementor-element-e7a5aa2 elementor-section-boxed elementor-section-height-default elementor-section-height-default\" data-id=\"e7a5aa2\" data-element_type=\"section\" data-e-type=\"section\">\n\t\t\t\t\t\t<div class=\"elementor-container elementor-column-gap-default\">\n\t\t\t\t\t<div class=\"elementor-column elementor-col-50 elementor-inner-column elementor-element elementor-element-5800a14\" data-id=\"5800a14\" data-element_type=\"column\" data-e-type=\"column\">\n\t\t\t<div class=\"elementor-widget-wrap elementor-element-populated\">\n\t\t\t\t\t\t<div class=\"elementor-element elementor-element-61f1579 elementor-widget elementor-widget-image\" data-id=\"61f1579\" data-element_type=\"widget\" data-e-type=\"widget\" data-widget_type=\"image.default\">\n\t\t\t\t<div class=\"elementor-widget-container\">\n\t\t\t\t\t\t\t\t\t\t\t\t\t\t\t<img loading=\"lazy\" decoding=\"async\" width=\"394\" height=\"527\" src=\"https:\/\/moelcolevante.net\/wp-content\/uploads\/2022\/08\/condensador-1.jpg\" class=\"attachment-full size-full wp-image-485\" alt=\"\" srcset=\"https:\/\/moelcolevante.net\/wp-content\/uploads\/2022\/08\/condensador-1.jpg 394w, https:\/\/moelcolevante.net\/wp-content\/uploads\/2022\/08\/condensador-1-224x300.jpg 224w\" sizes=\"(max-width: 394px) 100vw, 394px\" title=\"\">\t\t\t\t\t\t\t\t\t\t\t\t\t\t\t<\/div>\n\t\t\t\t<\/div>\n\t\t\t\t\t<\/div>\n\t\t<\/div>\n\t\t\t\t<div class=\"elementor-column elementor-col-50 elementor-inner-column elementor-element elementor-element-256d2e3\" data-id=\"256d2e3\" data-element_type=\"column\" data-e-type=\"column\">\n\t\t\t<div class=\"elementor-widget-wrap elementor-element-populated\">\n\t\t\t\t\t\t<div class=\"elementor-element elementor-element-d89e2eb elementor-widget elementor-widget-text-editor\" data-id=\"d89e2eb\" data-element_type=\"widget\" data-e-type=\"widget\" data-widget_type=\"text-editor.default\">\n\t\t\t\t<div class=\"elementor-widget-container\">\n\t\t\t\t\t\t\t\t\t<ul><li><strong>Capacitor<\/strong>. The condenser is a heat exchanger in which the refrigerant vapors from the compressor are liquefied and the heat absorbed in the evaporator and the energy of the compressor is dissipated. In the condenser the refrigerant at high pressure and high temperature changes phase from gas to liquid.<\/li><\/ul>\t\t\t\t\t\t\t\t<\/div>\n\t\t\t\t<\/div>\n\t\t\t\t\t<\/div>\n\t\t<\/div>\n\t\t\t\t\t<\/div>\n\t\t<\/section>\n\t\t\t\t<div class=\"elementor-element elementor-element-bab96c5 elementor-widget elementor-widget-text-editor\" data-id=\"bab96c5\" data-element_type=\"widget\" data-e-type=\"widget\" data-widget_type=\"text-editor.default\">\n\t\t\t\t<div class=\"elementor-widget-container\">\n\t\t\t\t\t\t\t\t\t<ul><li><strong>Oil distribution and recovery system.\u00a0<\/strong>Oil plays an essential role in a refrigeration unit. It contributes to ensure the <strong>lubricaci\u00f3n\u00a0<\/strong>of the moving parts of the compressors and the\u00a0<strong>evacuation\u00a0<\/strong>heat due to the friction of these moving parts.<\/li><li><strong>Refrigerant storage system.<\/strong>\u00a0The system is equipped with a refrigerant reservoir to compensate for variations in the volume of the refrigerant gas in the refrigeration system and to store the refrigerant gas for maintenance or repair work on the system. The tank is equipped with safety valves to protect it against high pressures, thus complying with the strict quality and safety requirements of the refrigeration plant.<\/li><li><strong>Refrigerant.<\/strong>\u00a0Depending on the cooling capacity required for the installation, Moelco Levante works with\u00a0<strong>high-safety HFC fluorinated gases<\/strong>\u00a0and with\u00a0<strong>amoniaco<\/strong>. It is recommended that for installations requiring a high cooling capacity, ammonia or an indirect cooling circuit be used.\u00a0<strong>glycol-ammonia<\/strong>. Despite being a higher investment than with HFC gases, it is more profitable in the long term, in addition to the following advantages:<ul><li>It is compatible with the environment. It does not destroy the ozone layer and does not contribute to the greenhouse effect.<\/li><li>It has superior thermodynamic properties, so ammonia refrigeration systems consume less electrical energy.<\/li><li>Its characteristic odor makes it very safe, as it warns of leaks.<\/li><li>The cost as a refrigerant is much lower than any other synthetic refrigerant.<\/li><\/ul><\/li><\/ul>\t\t\t\t\t\t\t\t<\/div>\n\t\t\t\t<\/div>\n\t\t\t\t\t<\/div>\n\t\t<\/div>\n\t\t\t\t\t<\/div>\n\t\t<\/section>\n\t\t\t\t<\/div>","protected":false},"excerpt":{"rendered":"<p>Grupo Frigor\u00edfico Vacuum Cooler Componentes de un Grupo Frigor\u00edfico La instalaci\u00f3n de un Grupo Frigor\u00edfico se compone de un conjunto de elementos entre los cuales se incluyen las bater\u00edas evaporadoras del interior de la c\u00e1mara, constituyendo un circuito frigor\u00edfico cerrado a trav\u00e9s del cual circula el refrigerante con el fin de condensar el vapor de [&hellip;]<\/p>\n","protected":false},"author":1,"featured_media":123,"parent":0,"menu_order":0,"comment_status":"closed","ping_status":"closed","template":"","meta":{"site-sidebar-layout":"no-sidebar","site-content-layout":"page-builder","ast-site-content-layout":"","site-content-style":"default","site-sidebar-style":"default","ast-global-header-display":"","ast-banner-title-visibility":"","ast-main-header-display":"","ast-hfb-above-header-display":"","ast-hfb-below-header-display":"","ast-hfb-mobile-header-display":"","site-post-title":"disabled","ast-breadcrumbs-content":"","ast-featured-img":"disabled","footer-sml-layout":"","theme-transparent-header-meta":"","adv-header-id-meta":"","stick-header-meta":"","header-above-stick-meta":"","header-main-stick-meta":"","header-below-stick-meta":"","astra-migrate-meta-layouts":"default","ast-page-background-enabled":"default","ast-page-background-meta":{"desktop":{"background-color":"var(--ast-global-color-4)","background-image":"","background-repeat":"repeat","background-position":"center center","background-size":"auto","background-attachment":"scroll","background-type":"","background-media":"","overlay-type":"","overlay-color":"","overlay-opacity":"","overlay-gradient":""},"tablet":{"background-color":"","background-image":"","background-repeat":"repeat","background-position":"center center","background-size":"auto","background-attachment":"scroll","background-type":"","background-media":"","overlay-type":"","overlay-color":"","overlay-opacity":"","overlay-gradient":""},"mobile":{"background-color":"","background-image":"","background-repeat":"repeat","background-position":"center center","background-size":"auto","background-attachment":"scroll","background-type":"","background-media":"","overlay-type":"","overlay-color":"","overlay-opacity":"","overlay-gradient":""}},"ast-content-background-meta":{"desktop":{"background-color":"var(--ast-global-color-5)","background-image":"","background-repeat":"repeat","background-position":"center center","background-size":"auto","background-attachment":"scroll","background-type":"","background-media":"","overlay-type":"","overlay-color":"","overlay-opacity":"","overlay-gradient":""},"tablet":{"background-color":"var(--ast-global-color-5)","background-image":"","background-repeat":"repeat","background-position":"center center","background-size":"auto","background-attachment":"scroll","background-type":"","background-media":"","overlay-type":"","overlay-color":"","overlay-opacity":"","overlay-gradient":""},"mobile":{"background-color":"var(--ast-global-color-5)","background-image":"","background-repeat":"repeat","background-position":"center center","background-size":"auto","background-attachment":"scroll","background-type":"","background-media":"","overlay-type":"","overlay-color":"","overlay-opacity":"","overlay-gradient":""}},"_joinchat":[],"footnotes":""},"class_list":["post-85","page","type-page","status-publish","has-post-thumbnail","hentry"],"_links":{"self":[{"href":"https:\/\/moelcolevante.net\/en\/wp-json\/wp\/v2\/pages\/85","targetHints":{"allow":["GET"]}}],"collection":[{"href":"https:\/\/moelcolevante.net\/en\/wp-json\/wp\/v2\/pages"}],"about":[{"href":"https:\/\/moelcolevante.net\/en\/wp-json\/wp\/v2\/types\/page"}],"author":[{"embeddable":true,"href":"https:\/\/moelcolevante.net\/en\/wp-json\/wp\/v2\/users\/1"}],"replies":[{"embeddable":true,"href":"https:\/\/moelcolevante.net\/en\/wp-json\/wp\/v2\/comments?post=85"}],"version-history":[{"count":68,"href":"https:\/\/moelcolevante.net\/en\/wp-json\/wp\/v2\/pages\/85\/revisions"}],"predecessor-version":[{"id":1867,"href":"https:\/\/moelcolevante.net\/en\/wp-json\/wp\/v2\/pages\/85\/revisions\/1867"}],"wp:featuredmedia":[{"embeddable":true,"href":"https:\/\/moelcolevante.net\/en\/wp-json\/wp\/v2\/media\/123"}],"wp:attachment":[{"href":"https:\/\/moelcolevante.net\/en\/wp-json\/wp\/v2\/media?parent=85"}],"curies":[{"name":"wp","href":"https:\/\/api.w.org\/{rel}","templated":true}]}}