{"id":83,"date":"2022-07-19T10:51:01","date_gmt":"2022-07-19T08:51:01","guid":{"rendered":"https:\/\/moelcolevante.net\/?page_id=83"},"modified":"2022-09-01T11:25:50","modified_gmt":"2022-09-01T09:25:50","slug":"grupo-generador-de-vacio","status":"publish","type":"page","link":"https:\/\/moelcolevante.net\/fr\/grupo-generador-de-vacio\/","title":{"rendered":"Groupe g\u00e9n\u00e9rateur de vide"},"content":{"rendered":"<div data-elementor-type=\"wp-page\" data-elementor-id=\"83\" class=\"elementor elementor-83\" data-elementor-post-type=\"page\">\n\t\t\t\t\t\t<section class=\"elementor-section elementor-top-section elementor-element elementor-element-46e4e7db elementor-section-height-min-height elementor-section-boxed elementor-section-height-default elementor-section-items-middle\" data-id=\"46e4e7db\" data-element_type=\"section\" data-e-type=\"section\" data-settings=\"{&quot;background_background&quot;:&quot;classic&quot;}\">\n\t\t\t\t\t\t\t<div class=\"elementor-background-overlay\"><\/div>\n\t\t\t\t\t\t\t<div class=\"elementor-container elementor-column-gap-wider\">\n\t\t\t\t\t<div class=\"elementor-column elementor-col-50 elementor-top-column elementor-element elementor-element-58767b07\" data-id=\"58767b07\" data-element_type=\"column\" data-e-type=\"column\" data-settings=\"{&quot;background_background&quot;:&quot;classic&quot;}\">\n\t\t\t<div class=\"elementor-widget-wrap elementor-element-populated\">\n\t\t\t\t\t\t<div class=\"elementor-element elementor-element-3c1903d elementor-widget elementor-widget-heading\" data-id=\"3c1903d\" data-element_type=\"widget\" data-e-type=\"widget\" data-widget_type=\"heading.default\">\n\t\t\t\t<div class=\"elementor-widget-container\">\n\t\t\t\t\t<h1 class=\"elementor-heading-title elementor-size-default\">Groupe g\u00e9n\u00e9rateur de vide<\/h1>\t\t\t\t<\/div>\n\t\t\t\t<\/div>\n\t\t\t\t\t<\/div>\n\t\t<\/div>\n\t\t\t\t<div class=\"elementor-column elementor-col-50 elementor-top-column elementor-element elementor-element-26c390bb\" data-id=\"26c390bb\" data-element_type=\"column\" data-e-type=\"column\">\n\t\t\t<div class=\"elementor-widget-wrap\">\n\t\t\t\t\t\t\t<\/div>\n\t\t<\/div>\n\t\t\t\t\t<\/div>\n\t\t<\/section>\n\t\t\t\t<section class=\"elementor-section elementor-top-section elementor-element elementor-element-73e78e53 elementor-section-boxed elementor-section-height-default elementor-section-height-default\" data-id=\"73e78e53\" data-element_type=\"section\" data-e-type=\"section\">\n\t\t\t\t\t\t<div class=\"elementor-container elementor-column-gap-wider\">\n\t\t\t\t\t<div class=\"elementor-column elementor-col-100 elementor-top-column elementor-element elementor-element-5617aa3b\" data-id=\"5617aa3b\" data-element_type=\"column\" data-e-type=\"column\">\n\t\t\t<div class=\"elementor-widget-wrap elementor-element-populated\">\n\t\t\t\t\t\t<div class=\"elementor-element elementor-element-95071 elementor-widget__width-auto elementor-icon-list--layout-traditional elementor-list-item-link-full_width elementor-widget elementor-widget-icon-list\" data-id=\"95071\" data-element_type=\"widget\" data-e-type=\"widget\" data-widget_type=\"icon-list.default\">\n\t\t\t\t<div class=\"elementor-widget-container\">\n\t\t\t\t\t\t\t<ul class=\"elementor-icon-list-items\">\n\t\t\t\t\t\t\t<li class=\"elementor-icon-list-item\">\n\t\t\t\t\t\t\t\t\t\t\t<span class=\"elementor-icon-list-icon\">\n\t\t\t\t\t\t\t<i aria-hidden=\"true\" class=\"jki jki-flash-light\"><\/i>\t\t\t\t\t\t<\/span>\n\t\t\t\t\t\t\t\t\t\t<span class=\"elementor-icon-list-text\">Refroidisseur sous vide<\/span>\n\t\t\t\t\t\t\t\t\t<\/li>\n\t\t\t\t\t\t<\/ul>\n\t\t\t\t\t\t<\/div>\n\t\t\t\t<\/div>\n\t\t\t\t<div class=\"elementor-element elementor-element-90e19de elementor-widget elementor-widget-heading\" data-id=\"90e19de\" data-element_type=\"widget\" data-e-type=\"widget\" data-widget_type=\"heading.default\">\n\t\t\t\t<div class=\"elementor-widget-container\">\n\t\t\t\t\t<h2 class=\"elementor-heading-title elementor-size-default\">Composants d'un groupe g\u00e9n\u00e9rateur de vide<\/h2>\t\t\t\t<\/div>\n\t\t\t\t<\/div>\n\t\t\t\t<div class=\"elementor-element elementor-element-630f64a5 elementor-widget elementor-widget-text-editor\" data-id=\"630f64a5\" data-element_type=\"widget\" data-e-type=\"widget\" data-widget_type=\"text-editor.default\">\n\t\t\t\t<div class=\"elementor-widget-container\">\n\t\t\t\t\t\t\t\t\t<p>Notre proc\u00e9dure de qualit\u00e9 et de service exige l'installation des meilleures marques de pompes \u00e0 vide sur le march\u00e9.<\/p><p>Moelco Levante s\u00e9lectionne, fournit et installe les meilleures pompes \u00e0 vide et accessoires du march\u00e9 (<a href=\"https:\/\/www.leybold.com\/es-es\" target=\"_blank\" rel=\"noopener\"><strong>Leybold\u00a0<\/strong><\/a>y\u00a0<a href=\"https:\/\/www.buschvacuum.com\/es\/es\/\" target=\"_blank\" rel=\"noopener\"><strong>Busch<\/strong><\/a>). Il assure \u00e9galement la surveillance, le d\u00e9marrage et l'entretien des pompes install\u00e9es.<\/p><p>Chaque groupe de vide comprend un cadre commun pour toutes les unit\u00e9s de vide, les vannes de contr\u00f4le et le collecteur de distribution g\u00e9n\u00e9ral.<\/p><p>Les unit\u00e9s de vide fournies r\u00e9pondent aux normes de qualit\u00e9 les plus strictes. Toutes les pompes disposent d'un certificat de conformit\u00e9.\u00a0<strong>CE<\/strong>.<\/p><p>En outre, le Moelco Levante utilise un\u00a0<strong>lubrifiant sp\u00e9cial\u00a0<\/strong>pour obtenir les meilleures performances des unit\u00e9s d'aspiration.<\/p>\t\t\t\t\t\t\t\t<\/div>\n\t\t\t\t<\/div>\n\t\t\t\t\t<\/div>\n\t\t<\/div>\n\t\t\t\t\t<\/div>\n\t\t<\/section>\n\t\t\t\t<section class=\"elementor-section elementor-top-section elementor-element elementor-element-2ecad009 elementor-section-boxed elementor-section-height-default elementor-section-height-default\" data-id=\"2ecad009\" data-element_type=\"section\" data-e-type=\"section\" data-settings=\"{&quot;background_background&quot;:&quot;classic&quot;}\">\n\t\t\t\t\t\t<div class=\"elementor-container elementor-column-gap-wider\">\n\t\t\t\t\t<div class=\"elementor-column elementor-col-100 elementor-top-column elementor-element elementor-element-10949781\" data-id=\"10949781\" data-element_type=\"column\" data-e-type=\"column\">\n\t\t\t<div class=\"elementor-widget-wrap elementor-element-populated\">\n\t\t\t\t\t\t<div class=\"elementor-element elementor-element-cc1df4f elementor-widget elementor-widget-gallery\" data-id=\"cc1df4f\" data-element_type=\"widget\" data-e-type=\"widget\" data-settings=\"{&quot;columns&quot;:3,&quot;gap&quot;:{&quot;unit&quot;:&quot;px&quot;,&quot;size&quot;:20,&quot;sizes&quot;:[]},&quot;lazyload&quot;:&quot;yes&quot;,&quot;gallery_layout&quot;:&quot;grid&quot;,&quot;columns_tablet&quot;:2,&quot;columns_mobile&quot;:1,&quot;gap_laptop&quot;:{&quot;unit&quot;:&quot;px&quot;,&quot;size&quot;:10,&quot;sizes&quot;:[]},&quot;gap_tablet&quot;:{&quot;unit&quot;:&quot;px&quot;,&quot;size&quot;:10,&quot;sizes&quot;:[]},&quot;gap_mobile&quot;:{&quot;unit&quot;:&quot;px&quot;,&quot;size&quot;:10,&quot;sizes&quot;:[]},&quot;link_to&quot;:&quot;file&quot;,&quot;aspect_ratio&quot;:&quot;3:2&quot;,&quot;overlay_background&quot;:&quot;yes&quot;,&quot;content_hover_animation&quot;:&quot;fade-in&quot;}\" data-widget_type=\"gallery.default\">\n\t\t\t\t<div class=\"elementor-widget-container\">\n\t\t\t\t\t\t\t<div class=\"elementor-gallery__container\">\n\t\t\t\t\t\t\t<a class=\"e-gallery-item elementor-gallery-item elementor-animated-content\" href=\"https:\/\/moelcolevante.net\/wp-content\/uploads\/2022\/08\/Bombas-adesur-Busch-1024x768-1.jpg\" data-elementor-open-lightbox=\"yes\" data-elementor-lightbox-slideshow=\"cc1df4f\" data-elementor-lightbox-title=\"Bombas-adesur-Busch-1024x768\" data-e-action-hash=\"#elementor-action%3Aaction%3Dlightbox%26settings%3DeyJpZCI6NDUwLCJ1cmwiOiJodHRwczpcL1wvbW9lbGNvbGV2YW50ZS5uZXRcL3dwLWNvbnRlbnRcL3VwbG9hZHNcLzIwMjJcLzA4XC9Cb21iYXMtYWRlc3VyLUJ1c2NoLTEwMjR4NzY4LTEuanBnIiwic2xpZGVzaG93IjoiY2MxZGY0ZiJ9\">\n\t\t\t\t\t<div class=\"e-gallery-image elementor-gallery-item__image\" data-thumbnail=\"https:\/\/moelcolevante.net\/wp-content\/uploads\/2022\/08\/Bombas-adesur-Busch-1024x768-1-300x225.jpg\" data-width=\"300\" data-height=\"225\" aria-label=\"\" role=\"img\" ><\/div>\n\t\t\t\t\t\t\t\t\t\t\t<div class=\"elementor-gallery-item__overlay\"><\/div>\n\t\t\t\t\t\t\t\t\t\t\t\t\t\t<\/a>\n\t\t\t\t\t\t\t<a class=\"e-gallery-item elementor-gallery-item elementor-animated-content\" href=\"https:\/\/moelcolevante.net\/wp-content\/uploads\/2022\/08\/Bombas-Bonduelle-10p-Busch-1024x768-1.jpg\" data-elementor-open-lightbox=\"yes\" data-elementor-lightbox-slideshow=\"cc1df4f\" data-elementor-lightbox-title=\"Bombas-Bonduelle-10p-Busch-1024x768\" data-e-action-hash=\"#elementor-action%3Aaction%3Dlightbox%26settings%3DeyJpZCI6NDU4LCJ1cmwiOiJodHRwczpcL1wvbW9lbGNvbGV2YW50ZS5uZXRcL3dwLWNvbnRlbnRcL3VwbG9hZHNcLzIwMjJcLzA4XC9Cb21iYXMtQm9uZHVlbGxlLTEwcC1CdXNjaC0xMDI0eDc2OC0xLmpwZyIsInNsaWRlc2hvdyI6ImNjMWRmNGYifQ%3D%3D\">\n\t\t\t\t\t<div class=\"e-gallery-image elementor-gallery-item__image\" data-thumbnail=\"https:\/\/moelcolevante.net\/wp-content\/uploads\/2022\/08\/Bombas-Bonduelle-10p-Busch-1024x768-1-300x225.jpg\" data-width=\"300\" data-height=\"225\" aria-label=\"\" role=\"img\" ><\/div>\n\t\t\t\t\t\t\t\t\t\t\t<div class=\"elementor-gallery-item__overlay\"><\/div>\n\t\t\t\t\t\t\t\t\t\t\t\t\t\t<\/a>\n\t\t\t\t\t\t\t<a class=\"e-gallery-item elementor-gallery-item elementor-animated-content\" href=\"https:\/\/moelcolevante.net\/wp-content\/uploads\/2022\/08\/Bombas-Busch-Deilor-1024x768-1.jpg\" data-elementor-open-lightbox=\"yes\" data-elementor-lightbox-slideshow=\"cc1df4f\" data-elementor-lightbox-title=\"Bombas-Busch-Deilor-1024x768\" data-e-action-hash=\"#elementor-action%3Aaction%3Dlightbox%26settings%3DeyJpZCI6NDU3LCJ1cmwiOiJodHRwczpcL1wvbW9lbGNvbGV2YW50ZS5uZXRcL3dwLWNvbnRlbnRcL3VwbG9hZHNcLzIwMjJcLzA4XC9Cb21iYXMtQnVzY2gtRGVpbG9yLTEwMjR4NzY4LTEuanBnIiwic2xpZGVzaG93IjoiY2MxZGY0ZiJ9\">\n\t\t\t\t\t<div class=\"e-gallery-image elementor-gallery-item__image\" data-thumbnail=\"https:\/\/moelcolevante.net\/wp-content\/uploads\/2022\/08\/Bombas-Busch-Deilor-1024x768-1-300x225.jpg\" data-width=\"300\" data-height=\"225\" aria-label=\"\" role=\"img\" ><\/div>\n\t\t\t\t\t\t\t\t\t\t\t<div class=\"elementor-gallery-item__overlay\"><\/div>\n\t\t\t\t\t\t\t\t\t\t\t\t\t\t<\/a>\n\t\t\t\t\t\t\t<a class=\"e-gallery-item elementor-gallery-item elementor-animated-content\" href=\"https:\/\/moelcolevante.net\/wp-content\/uploads\/2022\/08\/Bombas-Cota-120-Busch-1024x768-1.jpg\" data-elementor-open-lightbox=\"yes\" data-elementor-lightbox-slideshow=\"cc1df4f\" data-elementor-lightbox-title=\"Bombas-Cota-120-Busch-1024x768\" data-e-action-hash=\"#elementor-action%3Aaction%3Dlightbox%26settings%3DeyJpZCI6NDU2LCJ1cmwiOiJodHRwczpcL1wvbW9lbGNvbGV2YW50ZS5uZXRcL3dwLWNvbnRlbnRcL3VwbG9hZHNcLzIwMjJcLzA4XC9Cb21iYXMtQ290YS0xMjAtQnVzY2gtMTAyNHg3NjgtMS5qcGciLCJzbGlkZXNob3ciOiJjYzFkZjRmIn0%3D\">\n\t\t\t\t\t<div class=\"e-gallery-image elementor-gallery-item__image\" data-thumbnail=\"https:\/\/moelcolevante.net\/wp-content\/uploads\/2022\/08\/Bombas-Cota-120-Busch-1024x768-1-300x225.jpg\" data-width=\"300\" data-height=\"225\" aria-label=\"\" role=\"img\" ><\/div>\n\t\t\t\t\t\t\t\t\t\t\t<div class=\"elementor-gallery-item__overlay\"><\/div>\n\t\t\t\t\t\t\t\t\t\t\t\t\t\t<\/a>\n\t\t\t\t\t\t\t<a class=\"e-gallery-item elementor-gallery-item elementor-animated-content\" href=\"https:\/\/moelcolevante.net\/wp-content\/uploads\/2022\/08\/Bombas-Natural-Salads-Busch-1024x768-1.jpg\" data-elementor-open-lightbox=\"yes\" data-elementor-lightbox-slideshow=\"cc1df4f\" data-elementor-lightbox-title=\"Bombas-Natural-Salads-Busch-1024x768\" data-e-action-hash=\"#elementor-action%3Aaction%3Dlightbox%26settings%3DeyJpZCI6NDU1LCJ1cmwiOiJodHRwczpcL1wvbW9lbGNvbGV2YW50ZS5uZXRcL3dwLWNvbnRlbnRcL3VwbG9hZHNcLzIwMjJcLzA4XC9Cb21iYXMtTmF0dXJhbC1TYWxhZHMtQnVzY2gtMTAyNHg3NjgtMS5qcGciLCJzbGlkZXNob3ciOiJjYzFkZjRmIn0%3D\">\n\t\t\t\t\t<div class=\"e-gallery-image elementor-gallery-item__image\" data-thumbnail=\"https:\/\/moelcolevante.net\/wp-content\/uploads\/2022\/08\/Bombas-Natural-Salads-Busch-1024x768-1-300x225.jpg\" data-width=\"300\" data-height=\"225\" aria-label=\"\" role=\"img\" ><\/div>\n\t\t\t\t\t\t\t\t\t\t\t<div class=\"elementor-gallery-item__overlay\"><\/div>\n\t\t\t\t\t\t\t\t\t\t\t\t\t\t<\/a>\n\t\t\t\t\t\t\t<a class=\"e-gallery-item elementor-gallery-item elementor-animated-content\" href=\"https:\/\/moelcolevante.net\/wp-content\/uploads\/2022\/08\/Bombas-Polacos-Busch-1024x768-1.jpg\" data-elementor-open-lightbox=\"yes\" data-elementor-lightbox-slideshow=\"cc1df4f\" data-elementor-lightbox-title=\"Bombas-Polacos-Busch-1024x768\" data-e-action-hash=\"#elementor-action%3Aaction%3Dlightbox%26settings%3DeyJpZCI6NDU0LCJ1cmwiOiJodHRwczpcL1wvbW9lbGNvbGV2YW50ZS5uZXRcL3dwLWNvbnRlbnRcL3VwbG9hZHNcLzIwMjJcLzA4XC9Cb21iYXMtUG9sYWNvcy1CdXNjaC0xMDI0eDc2OC0xLmpwZyIsInNsaWRlc2hvdyI6ImNjMWRmNGYifQ%3D%3D\">\n\t\t\t\t\t<div class=\"e-gallery-image elementor-gallery-item__image\" data-thumbnail=\"https:\/\/moelcolevante.net\/wp-content\/uploads\/2022\/08\/Bombas-Polacos-Busch-1024x768-1-300x225.jpg\" data-width=\"300\" data-height=\"225\" aria-label=\"\" role=\"img\" ><\/div>\n\t\t\t\t\t\t\t\t\t\t\t<div class=\"elementor-gallery-item__overlay\"><\/div>\n\t\t\t\t\t\t\t\t\t\t\t\t\t\t<\/a>\n\t\t\t\t\t\t\t<a class=\"e-gallery-item elementor-gallery-item elementor-animated-content\" href=\"https:\/\/moelcolevante.net\/wp-content\/uploads\/2022\/08\/Bombas-Tunez-4pLeybold-1024x822-1.jpg\" data-elementor-open-lightbox=\"yes\" data-elementor-lightbox-slideshow=\"cc1df4f\" data-elementor-lightbox-title=\"Bombas-Tunez-4pLeybold-1024x822\" data-e-action-hash=\"#elementor-action%3Aaction%3Dlightbox%26settings%3DeyJpZCI6NDUzLCJ1cmwiOiJodHRwczpcL1wvbW9lbGNvbGV2YW50ZS5uZXRcL3dwLWNvbnRlbnRcL3VwbG9hZHNcLzIwMjJcLzA4XC9Cb21iYXMtVHVuZXotNHBMZXlib2xkLTEwMjR4ODIyLTEuanBnIiwic2xpZGVzaG93IjoiY2MxZGY0ZiJ9\">\n\t\t\t\t\t<div class=\"e-gallery-image elementor-gallery-item__image\" data-thumbnail=\"https:\/\/moelcolevante.net\/wp-content\/uploads\/2022\/08\/Bombas-Tunez-4pLeybold-1024x822-1-300x241.jpg\" data-width=\"300\" data-height=\"241\" aria-label=\"\" role=\"img\" ><\/div>\n\t\t\t\t\t\t\t\t\t\t\t<div class=\"elementor-gallery-item__overlay\"><\/div>\n\t\t\t\t\t\t\t\t\t\t\t\t\t\t<\/a>\n\t\t\t\t\t\t\t<a class=\"e-gallery-item elementor-gallery-item elementor-animated-content\" href=\"https:\/\/moelcolevante.net\/wp-content\/uploads\/2022\/08\/Bombas-Verdimed-1024x768-1.jpg\" data-elementor-open-lightbox=\"yes\" data-elementor-lightbox-slideshow=\"cc1df4f\" data-elementor-lightbox-title=\"Bombas-Verdimed-1024x768\" data-e-action-hash=\"#elementor-action%3Aaction%3Dlightbox%26settings%3DeyJpZCI6NDUyLCJ1cmwiOiJodHRwczpcL1wvbW9lbGNvbGV2YW50ZS5uZXRcL3dwLWNvbnRlbnRcL3VwbG9hZHNcLzIwMjJcLzA4XC9Cb21iYXMtVmVyZGltZWQtMTAyNHg3NjgtMS5qcGciLCJzbGlkZXNob3ciOiJjYzFkZjRmIn0%3D\">\n\t\t\t\t\t<div class=\"e-gallery-image elementor-gallery-item__image\" data-thumbnail=\"https:\/\/moelcolevante.net\/wp-content\/uploads\/2022\/08\/Bombas-Verdimed-1024x768-1-300x225.jpg\" data-width=\"300\" data-height=\"225\" aria-label=\"\" role=\"img\" ><\/div>\n\t\t\t\t\t\t\t\t\t\t\t<div class=\"elementor-gallery-item__overlay\"><\/div>\n\t\t\t\t\t\t\t\t\t\t\t\t\t\t<\/a>\n\t\t\t\t\t\t\t<a class=\"e-gallery-item elementor-gallery-item elementor-animated-content\" href=\"https:\/\/moelcolevante.net\/wp-content\/uploads\/2022\/08\/BombasLeybold-P.H.-Pozo-Estrecho-1024x768-1.jpg\" data-elementor-open-lightbox=\"yes\" data-elementor-lightbox-slideshow=\"cc1df4f\" data-elementor-lightbox-title=\"BombasLeybold-P.H.-Pozo-Estrecho-1024x768\" data-e-action-hash=\"#elementor-action%3Aaction%3Dlightbox%26settings%3DeyJpZCI6NDUxLCJ1cmwiOiJodHRwczpcL1wvbW9lbGNvbGV2YW50ZS5uZXRcL3dwLWNvbnRlbnRcL3VwbG9hZHNcLzIwMjJcLzA4XC9Cb21iYXNMZXlib2xkLVAuSC4tUG96by1Fc3RyZWNoby0xMDI0eDc2OC0xLmpwZyIsInNsaWRlc2hvdyI6ImNjMWRmNGYifQ%3D%3D\">\n\t\t\t\t\t<div class=\"e-gallery-image elementor-gallery-item__image\" data-thumbnail=\"https:\/\/moelcolevante.net\/wp-content\/uploads\/2022\/08\/BombasLeybold-P.H.-Pozo-Estrecho-1024x768-1-300x225.jpg\" data-width=\"300\" data-height=\"225\" aria-label=\"\" role=\"img\" ><\/div>\n\t\t\t\t\t\t\t\t\t\t\t<div class=\"elementor-gallery-item__overlay\"><\/div>\n\t\t\t\t\t\t\t\t\t\t\t\t\t\t<\/a>\n\t\t\t\t\t<\/div>\n\t\t\t\t\t<\/div>\n\t\t\t\t<\/div>\n\t\t\t\t<div class=\"elementor-element elementor-element-4df8d5f elementor-widget elementor-widget-image\" data-id=\"4df8d5f\" data-element_type=\"widget\" data-e-type=\"widget\" data-widget_type=\"image.default\">\n\t\t\t\t<div class=\"elementor-widget-container\">\n\t\t\t\t\t\t\t\t\t\t\t\t\t\t\t<img fetchpriority=\"high\" decoding=\"async\" width=\"1024\" height=\"768\" src=\"https:\/\/moelcolevante.net\/wp-content\/uploads\/2022\/08\/Bomba-Busch-F.Magraner-1024x768-1.jpg\" class=\"attachment-full size-full wp-image-459\" alt=\"grupo-generador-de-vacio\" srcset=\"https:\/\/moelcolevante.net\/wp-content\/uploads\/2022\/08\/Bomba-Busch-F.Magraner-1024x768-1.jpg 1024w, https:\/\/moelcolevante.net\/wp-content\/uploads\/2022\/08\/Bomba-Busch-F.Magraner-1024x768-1-300x225.jpg 300w, https:\/\/moelcolevante.net\/wp-content\/uploads\/2022\/08\/Bomba-Busch-F.Magraner-1024x768-1-768x576.jpg 768w\" sizes=\"(max-width: 1024px) 100vw, 1024px\" title=\"\">\t\t\t\t\t\t\t\t\t\t\t\t\t\t\t<\/div>\n\t\t\t\t<\/div>\n\t\t\t\t\t<\/div>\n\t\t<\/div>\n\t\t\t\t\t<\/div>\n\t\t<\/section>\n\t\t\t\t<\/div>","protected":false},"excerpt":{"rendered":"<p>Grupo Generador de Vac\u00edo Vacuum Cooler Componentes de un Grupo Generador de Vac\u00edo Nuestro procedimiento de calidad y servicio requiere la instalaci\u00f3n de las mejores marcas de bombas de vac\u00edo del mercado. Moelco Levante selecciona, suministra e instala en sus equipos las mejores bombas de vac\u00edo y complementos del mercado (Leybold\u00a0y\u00a0Busch). Asimismo, realiza el seguimiento, [&hellip;]<\/p>\n","protected":false},"author":1,"featured_media":123,"parent":0,"menu_order":0,"comment_status":"closed","ping_status":"closed","template":"","meta":{"site-sidebar-layout":"no-sidebar","site-content-layout":"page-builder","ast-site-content-layout":"","site-content-style":"default","site-sidebar-style":"default","ast-global-header-display":"","ast-banner-title-visibility":"","ast-main-header-display":"","ast-hfb-above-header-display":"","ast-hfb-below-header-display":"","ast-hfb-mobile-header-display":"","site-post-title":"disabled","ast-breadcrumbs-content":"","ast-featured-img":"disabled","footer-sml-layout":"","theme-transparent-header-meta":"","adv-header-id-meta":"","stick-header-meta":"","header-above-stick-meta":"","header-main-stick-meta":"","header-below-stick-meta":"","astra-migrate-meta-layouts":"default","ast-page-background-enabled":"default","ast-page-background-meta":{"desktop":{"background-color":"var(--ast-global-color-4)","background-image":"","background-repeat":"repeat","background-position":"center center","background-size":"auto","background-attachment":"scroll","background-type":"","background-media":"","overlay-type":"","overlay-color":"","overlay-opacity":"","overlay-gradient":""},"tablet":{"background-color":"","background-image":"","background-repeat":"repeat","background-position":"center center","background-size":"auto","background-attachment":"scroll","background-type":"","background-media":"","overlay-type":"","overlay-color":"","overlay-opacity":"","overlay-gradient":""},"mobile":{"background-color":"","background-image":"","background-repeat":"repeat","background-position":"center center","background-size":"auto","background-attachment":"scroll","background-type":"","background-media":"","overlay-type":"","overlay-color":"","overlay-opacity":"","overlay-gradient":""}},"ast-content-background-meta":{"desktop":{"background-color":"var(--ast-global-color-5)","background-image":"","background-repeat":"repeat","background-position":"center center","background-size":"auto","background-attachment":"scroll","background-type":"","background-media":"","overlay-type":"","overlay-color":"","overlay-opacity":"","overlay-gradient":""},"tablet":{"background-color":"var(--ast-global-color-5)","background-image":"","background-repeat":"repeat","background-position":"center center","background-size":"auto","background-attachment":"scroll","background-type":"","background-media":"","overlay-type":"","overlay-color":"","overlay-opacity":"","overlay-gradient":""},"mobile":{"background-color":"var(--ast-global-color-5)","background-image":"","background-repeat":"repeat","background-position":"center center","background-size":"auto","background-attachment":"scroll","background-type":"","background-media":"","overlay-type":"","overlay-color":"","overlay-opacity":"","overlay-gradient":""}},"_joinchat":[],"footnotes":""},"class_list":["post-83","page","type-page","status-publish","has-post-thumbnail","hentry"],"_links":{"self":[{"href":"https:\/\/moelcolevante.net\/fr\/wp-json\/wp\/v2\/pages\/83","targetHints":{"allow":["GET"]}}],"collection":[{"href":"https:\/\/moelcolevante.net\/fr\/wp-json\/wp\/v2\/pages"}],"about":[{"href":"https:\/\/moelcolevante.net\/fr\/wp-json\/wp\/v2\/types\/page"}],"author":[{"embeddable":true,"href":"https:\/\/moelcolevante.net\/fr\/wp-json\/wp\/v2\/users\/1"}],"replies":[{"embeddable":true,"href":"https:\/\/moelcolevante.net\/fr\/wp-json\/wp\/v2\/comments?post=83"}],"version-history":[{"count":59,"href":"https:\/\/moelcolevante.net\/fr\/wp-json\/wp\/v2\/pages\/83\/revisions"}],"predecessor-version":[{"id":1864,"href":"https:\/\/moelcolevante.net\/fr\/wp-json\/wp\/v2\/pages\/83\/revisions\/1864"}],"wp:featuredmedia":[{"embeddable":true,"href":"https:\/\/moelcolevante.net\/fr\/wp-json\/wp\/v2\/media\/123"}],"wp:attachment":[{"href":"https:\/\/moelcolevante.net\/fr\/wp-json\/wp\/v2\/media?parent=83"}],"curies":[{"name":"wp","href":"https:\/\/api.w.org\/{rel}","templated":true}]}}