{"id":85,"date":"2022-07-19T10:51:30","date_gmt":"2022-07-19T08:51:30","guid":{"rendered":"https:\/\/moelcolevante.net\/?page_id=85"},"modified":"2022-09-01T11:27:00","modified_gmt":"2022-09-01T09:27:00","slug":"grupo-frigorifico","status":"publish","type":"page","link":"https:\/\/moelcolevante.net\/fr\/grupo-frigorifico\/","title":{"rendered":"Groupe frigorifique"},"content":{"rendered":"<div data-elementor-type=\"wp-page\" data-elementor-id=\"85\" class=\"elementor elementor-85\" data-elementor-post-type=\"page\">\n\t\t\t\t\t\t<section class=\"elementor-section elementor-top-section elementor-element elementor-element-23559280 elementor-section-height-min-height elementor-section-boxed elementor-section-height-default elementor-section-items-middle\" data-id=\"23559280\" data-element_type=\"section\" data-e-type=\"section\" data-settings=\"{&quot;background_background&quot;:&quot;classic&quot;}\">\n\t\t\t\t\t\t\t<div class=\"elementor-background-overlay\"><\/div>\n\t\t\t\t\t\t\t<div class=\"elementor-container elementor-column-gap-wider\">\n\t\t\t\t\t<div class=\"elementor-column elementor-col-50 elementor-top-column elementor-element elementor-element-1d72d8cd\" data-id=\"1d72d8cd\" data-element_type=\"column\" data-e-type=\"column\" data-settings=\"{&quot;background_background&quot;:&quot;classic&quot;}\">\n\t\t\t<div class=\"elementor-widget-wrap elementor-element-populated\">\n\t\t\t\t\t\t<div class=\"elementor-element elementor-element-330845f4 elementor-widget elementor-widget-heading\" data-id=\"330845f4\" data-element_type=\"widget\" data-e-type=\"widget\" data-widget_type=\"heading.default\">\n\t\t\t\t<div class=\"elementor-widget-container\">\n\t\t\t\t\t<h1 class=\"elementor-heading-title elementor-size-default\">Groupe R\u00e9frig\u00e9ration<\/h1>\t\t\t\t<\/div>\n\t\t\t\t<\/div>\n\t\t\t\t\t<\/div>\n\t\t<\/div>\n\t\t\t\t<div class=\"elementor-column elementor-col-50 elementor-top-column elementor-element elementor-element-46720991\" data-id=\"46720991\" data-element_type=\"column\" data-e-type=\"column\">\n\t\t\t<div class=\"elementor-widget-wrap\">\n\t\t\t\t\t\t\t<\/div>\n\t\t<\/div>\n\t\t\t\t\t<\/div>\n\t\t<\/section>\n\t\t\t\t<section class=\"elementor-section elementor-top-section elementor-element elementor-element-5f0db2cd elementor-section-boxed elementor-section-height-default elementor-section-height-default\" data-id=\"5f0db2cd\" data-element_type=\"section\" data-e-type=\"section\">\n\t\t\t\t\t\t<div class=\"elementor-container elementor-column-gap-wider\">\n\t\t\t\t\t<div class=\"elementor-column elementor-col-100 elementor-top-column elementor-element elementor-element-446cd37d\" data-id=\"446cd37d\" data-element_type=\"column\" data-e-type=\"column\">\n\t\t\t<div class=\"elementor-widget-wrap elementor-element-populated\">\n\t\t\t\t\t\t<div class=\"elementor-element elementor-element-1a4439cb elementor-widget__width-auto elementor-icon-list--layout-traditional elementor-list-item-link-full_width elementor-widget elementor-widget-icon-list\" data-id=\"1a4439cb\" data-element_type=\"widget\" data-e-type=\"widget\" data-widget_type=\"icon-list.default\">\n\t\t\t\t<div class=\"elementor-widget-container\">\n\t\t\t\t\t\t\t<ul class=\"elementor-icon-list-items\">\n\t\t\t\t\t\t\t<li class=\"elementor-icon-list-item\">\n\t\t\t\t\t\t\t\t\t\t\t<span class=\"elementor-icon-list-icon\">\n\t\t\t\t\t\t\t<i aria-hidden=\"true\" class=\"jki jki-flash-light\"><\/i>\t\t\t\t\t\t<\/span>\n\t\t\t\t\t\t\t\t\t\t<span class=\"elementor-icon-list-text\">Refroidisseur sous vide<\/span>\n\t\t\t\t\t\t\t\t\t<\/li>\n\t\t\t\t\t\t<\/ul>\n\t\t\t\t\t\t<\/div>\n\t\t\t\t<\/div>\n\t\t\t\t<div class=\"elementor-element elementor-element-b0c32b7 elementor-widget elementor-widget-heading\" data-id=\"b0c32b7\" data-element_type=\"widget\" data-e-type=\"widget\" data-widget_type=\"heading.default\">\n\t\t\t\t<div class=\"elementor-widget-container\">\n\t\t\t\t\t<h2 class=\"elementor-heading-title elementor-size-default\">Composants d'un groupe frigorifique<\/h2>\t\t\t\t<\/div>\n\t\t\t\t<\/div>\n\t\t\t\t<div class=\"elementor-element elementor-element-39c7707e elementor-widget elementor-widget-text-editor\" data-id=\"39c7707e\" data-element_type=\"widget\" data-e-type=\"widget\" data-widget_type=\"text-editor.default\">\n\t\t\t\t<div class=\"elementor-widget-container\">\n\t\t\t\t\t\t\t\t\t<p>L'installation d'un <strong>Groupe R\u00e9frig\u00e9ration<\/strong> est compos\u00e9 d'un ensemble d'\u00e9l\u00e9ments qui comprennent le <strong>les serpentins d'\u00e9vaporation<\/strong> \u00e0 l'int\u00e9rieur de la chambre, constituant un circuit frigorifique ferm\u00e9 dans lequel circule le r\u00e9frig\u00e9rant afin de condenser la vapeur d'eau g\u00e9n\u00e9r\u00e9e lors de chaque cycle de refroidissement \u00e0 l'int\u00e9rieur de la chambre, et d'emp\u00eacher la condensation de la vapeur d'eau g\u00e9n\u00e9r\u00e9e lors de chaque cycle de refroidissement. <a href=\"https:\/\/moelcolevante.net\/fr\/camara-de-proceso\/\">cam\u00e9ra<\/a>.<\/p>\t\t\t\t\t\t\t\t<\/div>\n\t\t\t\t<\/div>\n\t\t\t\t<section class=\"elementor-section elementor-inner-section elementor-element elementor-element-188758b6 elementor-section-boxed elementor-section-height-default elementor-section-height-default\" data-id=\"188758b6\" data-element_type=\"section\" data-e-type=\"section\">\n\t\t\t\t\t\t<div class=\"elementor-container elementor-column-gap-default\">\n\t\t\t\t\t<div class=\"elementor-column elementor-col-50 elementor-inner-column elementor-element elementor-element-28174631\" data-id=\"28174631\" data-element_type=\"column\" data-e-type=\"column\">\n\t\t\t<div class=\"elementor-widget-wrap elementor-element-populated\">\n\t\t\t\t\t\t<div class=\"elementor-element elementor-element-53b5fd15 elementor-widget elementor-widget-image\" data-id=\"53b5fd15\" data-element_type=\"widget\" data-e-type=\"widget\" data-widget_type=\"image.default\">\n\t\t\t\t<div class=\"elementor-widget-container\">\n\t\t\t\t\t\t\t\t\t\t\t\t\t\t\t<img fetchpriority=\"high\" decoding=\"async\" width=\"600\" height=\"800\" src=\"https:\/\/moelcolevante.net\/wp-content\/uploads\/2022\/08\/V58-bateria-frio.jpg\" class=\"attachment-full size-full wp-image-473\" alt=\"grupo-frigorifico\" srcset=\"https:\/\/moelcolevante.net\/wp-content\/uploads\/2022\/08\/V58-bateria-frio.jpg 600w, https:\/\/moelcolevante.net\/wp-content\/uploads\/2022\/08\/V58-bateria-frio-225x300.jpg 225w\" sizes=\"(max-width: 600px) 100vw, 600px\" title=\"\">\t\t\t\t\t\t\t\t\t\t\t\t\t\t\t<\/div>\n\t\t\t\t<\/div>\n\t\t\t\t\t<\/div>\n\t\t<\/div>\n\t\t\t\t<div class=\"elementor-column elementor-col-50 elementor-inner-column elementor-element elementor-element-7a3632ac\" data-id=\"7a3632ac\" data-element_type=\"column\" data-e-type=\"column\">\n\t\t\t<div class=\"elementor-widget-wrap elementor-element-populated\">\n\t\t\t\t\t\t<div class=\"elementor-element elementor-element-776af14a elementor-widget elementor-widget-image\" data-id=\"776af14a\" data-element_type=\"widget\" data-e-type=\"widget\" data-widget_type=\"image.default\">\n\t\t\t\t<div class=\"elementor-widget-container\">\n\t\t\t\t\t\t\t\t\t\t\t\t\t\t\t<img decoding=\"async\" src=\"https:\/\/moelcolevante.net\/wp-content\/uploads\/elementor\/thumbs\/V117-bateria-frio-1024x768-1-ptebg15wtvvmg52y8q861ka31ha1ipxuuid25vl1ay.jpg\" title=\"V117-bateria-frio-1024&#215;768\" alt=\"V117-bateria-frio-1024x768\" loading=\"lazy\" \/>\t\t\t\t\t\t\t\t\t\t\t\t\t\t\t<\/div>\n\t\t\t\t<\/div>\n\t\t\t\t\t<\/div>\n\t\t<\/div>\n\t\t\t\t\t<\/div>\n\t\t<\/section>\n\t\t\t\t<div class=\"elementor-element elementor-element-fc6bd82 elementor-widget elementor-widget-text-editor\" data-id=\"fc6bd82\" data-element_type=\"widget\" data-e-type=\"widget\" data-widget_type=\"text-editor.default\">\n\t\t\t\t<div class=\"elementor-widget-container\">\n\t\t\t\t\t\t\t\t\t<p>Si le client dispose d'une unit\u00e9 de r\u00e9frig\u00e9ration, Moelco Levante installera des serpentins d'\u00e9vaporation \u00e0 l'int\u00e9rieur de la chambre de traitement en fonction des besoins de r\u00e9frig\u00e9ration de l'installation d'une unit\u00e9 de r\u00e9frig\u00e9ration.<\/p><p>En plus des serpentins d'\u00e9vaporation de l'installation de r\u00e9frig\u00e9ration, les \u00e9l\u00e9ments suivants sont disponibles :<\/p><ul><li><strong>Soupape d'expansion<\/strong>Les vannes sont utilis\u00e9es pour r\u00e9guler l'injection de r\u00e9frig\u00e9rant liquide dans les serpentins d'\u00e9vaporation. Les vannes que nous utilisons sont\u00a0<a style=\"font-size: 18px;\" href=\"https:\/\/www.danfoss.com\/es-es\/\" target=\"_blank\" rel=\"noopener\"><strong>Danfoss\u00a0<\/strong><\/a>y\u00a0<strong>Castel<\/strong>.<\/li><\/ul>\t\t\t\t\t\t\t\t<\/div>\n\t\t\t\t<\/div>\n\t\t\t\t<section class=\"elementor-section elementor-inner-section elementor-element elementor-element-0454655 elementor-section-boxed elementor-section-height-default elementor-section-height-default\" data-id=\"0454655\" data-element_type=\"section\" data-e-type=\"section\">\n\t\t\t\t\t\t<div class=\"elementor-container elementor-column-gap-default\">\n\t\t\t\t\t<div class=\"elementor-column elementor-col-50 elementor-inner-column elementor-element elementor-element-c850e5a\" data-id=\"c850e5a\" data-element_type=\"column\" data-e-type=\"column\">\n\t\t\t<div class=\"elementor-widget-wrap elementor-element-populated\">\n\t\t\t\t\t\t<div class=\"elementor-element elementor-element-169187b elementor-widget elementor-widget-image\" data-id=\"169187b\" data-element_type=\"widget\" data-e-type=\"widget\" data-widget_type=\"image.default\">\n\t\t\t\t<div class=\"elementor-widget-container\">\n\t\t\t\t\t\t\t\t\t\t\t\t\t\t\t<img decoding=\"async\" width=\"301\" height=\"276\" src=\"https:\/\/moelcolevante.net\/wp-content\/uploads\/2022\/08\/valv-danfoss.png\" class=\"attachment-full size-full wp-image-475\" alt=\"\" title=\"\">\t\t\t\t\t\t\t\t\t\t\t\t\t\t\t<\/div>\n\t\t\t\t<\/div>\n\t\t\t\t<div class=\"elementor-element elementor-element-c5be4d4 elementor-widget elementor-widget-heading\" data-id=\"c5be4d4\" data-element_type=\"widget\" data-e-type=\"widget\" data-widget_type=\"heading.default\">\n\t\t\t\t<div class=\"elementor-widget-container\">\n\t\t\t\t\t<p class=\"elementor-heading-title elementor-size-default\">Valve Danfoss<\/p>\t\t\t\t<\/div>\n\t\t\t\t<\/div>\n\t\t\t\t\t<\/div>\n\t\t<\/div>\n\t\t\t\t<div class=\"elementor-column elementor-col-50 elementor-inner-column elementor-element elementor-element-9f74688\" data-id=\"9f74688\" data-element_type=\"column\" data-e-type=\"column\">\n\t\t\t<div class=\"elementor-widget-wrap elementor-element-populated\">\n\t\t\t\t\t\t<div class=\"elementor-element elementor-element-dd495aa elementor-widget elementor-widget-image\" data-id=\"dd495aa\" data-element_type=\"widget\" data-e-type=\"widget\" data-widget_type=\"image.default\">\n\t\t\t\t<div class=\"elementor-widget-container\">\n\t\t\t\t\t\t\t\t\t\t\t\t\t\t\t<img decoding=\"async\" width=\"384\" height=\"237\" src=\"https:\/\/moelcolevante.net\/wp-content\/uploads\/2022\/08\/valv-castel.png\" class=\"attachment-full size-full wp-image-476\" alt=\"\" srcset=\"https:\/\/moelcolevante.net\/wp-content\/uploads\/2022\/08\/valv-castel.png 384w, https:\/\/moelcolevante.net\/wp-content\/uploads\/2022\/08\/valv-castel-300x185.png 300w\" sizes=\"(max-width: 384px) 100vw, 384px\" title=\"\">\t\t\t\t\t\t\t\t\t\t\t\t\t\t\t<\/div>\n\t\t\t\t<\/div>\n\t\t\t\t<div class=\"elementor-element elementor-element-14d6ef7 elementor-widget elementor-widget-heading\" data-id=\"14d6ef7\" data-element_type=\"widget\" data-e-type=\"widget\" data-widget_type=\"heading.default\">\n\t\t\t\t<div class=\"elementor-widget-container\">\n\t\t\t\t\t<p class=\"elementor-heading-title elementor-size-default\">Valve Castel<\/p>\t\t\t\t<\/div>\n\t\t\t\t<\/div>\n\t\t\t\t\t<\/div>\n\t\t<\/div>\n\t\t\t\t\t<\/div>\n\t\t<\/section>\n\t\t\t\t<div class=\"elementor-element elementor-element-c909c59 elementor-widget elementor-widget-text-editor\" data-id=\"c909c59\" data-element_type=\"widget\" data-e-type=\"widget\" data-widget_type=\"text-editor.default\">\n\t\t\t\t<div class=\"elementor-widget-container\">\n\t\t\t\t\t\t\t\t\t<ul><li><strong>Compresseurs<\/strong>. Le compresseur qui fait partie d'une unit\u00e9 de r\u00e9frig\u00e9ration absorbe le r\u00e9frig\u00e9rant sous forme gazeuse \u00e0 basse pression et \u00e0 basse temp\u00e9rature \u00e0 partir du tuyau d'aspiration provenant des serpentins d'\u00e9vaporation et le d\u00e9place en le comprimant et en augmentant sa pression et sa temp\u00e9rature vers le tuyau de refoulement o\u00f9 il sera dirig\u00e9 vers le condenseur. Chaque compresseur est \u00e9quip\u00e9 de limiteurs de s\u00e9curit\u00e9 haute et basse pression (pressostats haute\/basse pression) qui emp\u00eachent les compresseurs de d\u00e9passer les limites de fonctionnement \u00e9tablies. Les compresseurs que nous utilisons sont les meilleurs du march\u00e9 : <a style=\"font-size: 18px;\" href=\"https:\/\/www.bitzer.de\/es\/es\/\" target=\"_blank\" rel=\"noopener\"><strong>Bitzer\u00a0<\/strong><\/a>y\u00a0<a style=\"font-size: 18px;\" href=\"https:\/\/climate.emerson.com\/es-es\/brands\/copeland\" target=\"_blank\" rel=\"noopener\"><strong>Copeland<\/strong><\/a>.<\/li><\/ul>\t\t\t\t\t\t\t\t<\/div>\n\t\t\t\t<\/div>\n\t\t\t\t<section class=\"elementor-section elementor-inner-section elementor-element elementor-element-fb355db elementor-section-boxed elementor-section-height-default elementor-section-height-default\" data-id=\"fb355db\" data-element_type=\"section\" data-e-type=\"section\">\n\t\t\t\t\t\t<div class=\"elementor-container elementor-column-gap-default\">\n\t\t\t\t\t<div class=\"elementor-column elementor-col-50 elementor-inner-column elementor-element elementor-element-e6d6d04\" data-id=\"e6d6d04\" data-element_type=\"column\" data-e-type=\"column\">\n\t\t\t<div class=\"elementor-widget-wrap elementor-element-populated\">\n\t\t\t\t\t\t<div class=\"elementor-element elementor-element-3189085 elementor-widget elementor-widget-image\" data-id=\"3189085\" data-element_type=\"widget\" data-e-type=\"widget\" data-widget_type=\"image.default\">\n\t\t\t\t<div class=\"elementor-widget-container\">\n\t\t\t\t\t\t\t\t\t\t\t\t\t\t\t<img loading=\"lazy\" decoding=\"async\" width=\"338\" height=\"304\" src=\"https:\/\/moelcolevante.net\/wp-content\/uploads\/2022\/08\/copeland.png\" class=\"attachment-full size-full wp-image-483\" alt=\"\" srcset=\"https:\/\/moelcolevante.net\/wp-content\/uploads\/2022\/08\/copeland.png 338w, https:\/\/moelcolevante.net\/wp-content\/uploads\/2022\/08\/copeland-300x270.png 300w\" sizes=\"(max-width: 338px) 100vw, 338px\" title=\"\">\t\t\t\t\t\t\t\t\t\t\t\t\t\t\t<\/div>\n\t\t\t\t<\/div>\n\t\t\t\t<div class=\"elementor-element elementor-element-bc8798d elementor-widget elementor-widget-heading\" data-id=\"bc8798d\" data-element_type=\"widget\" data-e-type=\"widget\" data-widget_type=\"heading.default\">\n\t\t\t\t<div class=\"elementor-widget-container\">\n\t\t\t\t\t<p class=\"elementor-heading-title elementor-size-default\">Compresseur Copeland<\/p>\t\t\t\t<\/div>\n\t\t\t\t<\/div>\n\t\t\t\t\t<\/div>\n\t\t<\/div>\n\t\t\t\t<div class=\"elementor-column elementor-col-50 elementor-inner-column elementor-element elementor-element-f6738cf\" data-id=\"f6738cf\" data-element_type=\"column\" data-e-type=\"column\">\n\t\t\t<div class=\"elementor-widget-wrap elementor-element-populated\">\n\t\t\t\t\t\t<div class=\"elementor-element elementor-element-361228f elementor-widget elementor-widget-image\" data-id=\"361228f\" data-element_type=\"widget\" data-e-type=\"widget\" data-widget_type=\"image.default\">\n\t\t\t\t<div class=\"elementor-widget-container\">\n\t\t\t\t\t\t\t\t\t\t\t\t\t\t\t<img loading=\"lazy\" decoding=\"async\" width=\"202\" height=\"192\" src=\"https:\/\/moelcolevante.net\/wp-content\/uploads\/2022\/08\/bitzer.png\" class=\"attachment-full size-full wp-image-484\" alt=\"\" title=\"\">\t\t\t\t\t\t\t\t\t\t\t\t\t\t\t<\/div>\n\t\t\t\t<\/div>\n\t\t\t\t<div class=\"elementor-element elementor-element-bbbc4ef elementor-widget elementor-widget-heading\" data-id=\"bbbc4ef\" data-element_type=\"widget\" data-e-type=\"widget\" data-widget_type=\"heading.default\">\n\t\t\t\t<div class=\"elementor-widget-container\">\n\t\t\t\t\t<p class=\"elementor-heading-title elementor-size-default\">Compresseur Bitzer<\/p>\t\t\t\t<\/div>\n\t\t\t\t<\/div>\n\t\t\t\t\t<\/div>\n\t\t<\/div>\n\t\t\t\t\t<\/div>\n\t\t<\/section>\n\t\t\t\t\t<\/div>\n\t\t<\/div>\n\t\t\t\t\t<\/div>\n\t\t<\/section>\n\t\t\t\t<section class=\"elementor-section elementor-top-section elementor-element elementor-element-7b010003 elementor-section-boxed elementor-section-height-default elementor-section-height-default\" data-id=\"7b010003\" data-element_type=\"section\" data-e-type=\"section\" data-settings=\"{&quot;background_background&quot;:&quot;classic&quot;}\">\n\t\t\t\t\t\t<div class=\"elementor-container elementor-column-gap-wider\">\n\t\t\t\t\t<div class=\"elementor-column elementor-col-100 elementor-top-column elementor-element elementor-element-1a0efe52\" data-id=\"1a0efe52\" data-element_type=\"column\" data-e-type=\"column\">\n\t\t\t<div class=\"elementor-widget-wrap elementor-element-populated\">\n\t\t\t\t\t\t<section class=\"elementor-section elementor-inner-section elementor-element elementor-element-e7a5aa2 elementor-section-boxed elementor-section-height-default elementor-section-height-default\" data-id=\"e7a5aa2\" data-element_type=\"section\" data-e-type=\"section\">\n\t\t\t\t\t\t<div class=\"elementor-container elementor-column-gap-default\">\n\t\t\t\t\t<div class=\"elementor-column elementor-col-50 elementor-inner-column elementor-element elementor-element-5800a14\" data-id=\"5800a14\" data-element_type=\"column\" data-e-type=\"column\">\n\t\t\t<div class=\"elementor-widget-wrap elementor-element-populated\">\n\t\t\t\t\t\t<div class=\"elementor-element elementor-element-61f1579 elementor-widget elementor-widget-image\" data-id=\"61f1579\" data-element_type=\"widget\" data-e-type=\"widget\" data-widget_type=\"image.default\">\n\t\t\t\t<div class=\"elementor-widget-container\">\n\t\t\t\t\t\t\t\t\t\t\t\t\t\t\t<img loading=\"lazy\" decoding=\"async\" width=\"394\" height=\"527\" src=\"https:\/\/moelcolevante.net\/wp-content\/uploads\/2022\/08\/condensador-1.jpg\" class=\"attachment-full size-full wp-image-485\" alt=\"\" srcset=\"https:\/\/moelcolevante.net\/wp-content\/uploads\/2022\/08\/condensador-1.jpg 394w, https:\/\/moelcolevante.net\/wp-content\/uploads\/2022\/08\/condensador-1-224x300.jpg 224w\" sizes=\"(max-width: 394px) 100vw, 394px\" title=\"\">\t\t\t\t\t\t\t\t\t\t\t\t\t\t\t<\/div>\n\t\t\t\t<\/div>\n\t\t\t\t\t<\/div>\n\t\t<\/div>\n\t\t\t\t<div class=\"elementor-column elementor-col-50 elementor-inner-column elementor-element elementor-element-256d2e3\" data-id=\"256d2e3\" data-element_type=\"column\" data-e-type=\"column\">\n\t\t\t<div class=\"elementor-widget-wrap elementor-element-populated\">\n\t\t\t\t\t\t<div class=\"elementor-element elementor-element-d89e2eb elementor-widget elementor-widget-text-editor\" data-id=\"d89e2eb\" data-element_type=\"widget\" data-e-type=\"widget\" data-widget_type=\"text-editor.default\">\n\t\t\t\t<div class=\"elementor-widget-container\">\n\t\t\t\t\t\t\t\t\t<ul><li><strong>Condensateur<\/strong>. Le condenseur est un \u00e9changeur de chaleur o\u00f9 les vapeurs de r\u00e9frig\u00e9rant provenant du compresseur sont liqu\u00e9fi\u00e9es et o\u00f9 la chaleur absorb\u00e9e dans l'\u00e9vaporateur et l'\u00e9nergie du compresseur sont dissip\u00e9es. Dans le condenseur, le r\u00e9frig\u00e9rant \u00e0 haute pression et \u00e0 haute temp\u00e9rature change de phase, passant de l'\u00e9tat gazeux \u00e0 l'\u00e9tat liquide.<\/li><\/ul>\t\t\t\t\t\t\t\t<\/div>\n\t\t\t\t<\/div>\n\t\t\t\t\t<\/div>\n\t\t<\/div>\n\t\t\t\t\t<\/div>\n\t\t<\/section>\n\t\t\t\t<div class=\"elementor-element elementor-element-bab96c5 elementor-widget elementor-widget-text-editor\" data-id=\"bab96c5\" data-element_type=\"widget\" data-e-type=\"widget\" data-widget_type=\"text-editor.default\">\n\t\t\t\t<div class=\"elementor-widget-container\">\n\t\t\t\t\t\t\t\t\t<ul><li><strong>Syst\u00e8me de distribution et de r\u00e9cup\u00e9ration de l'huile.\u00a0<\/strong>L'huile joue un r\u00f4le essentiel dans une unit\u00e9 de r\u00e9frig\u00e9ration. Elle permet d'assurer la <strong>lubrification\u00a0<\/strong>des pi\u00e8ces en mouvement des compresseurs et des\u00a0<strong>\u00e9vacuation\u00a0<\/strong>de la chaleur due au frottement de ces pi\u00e8ces mobiles.<\/li><li><strong>Syst\u00e8me de stockage des fluides frigorig\u00e8nes.<\/strong>\u00a0Le syst\u00e8me est \u00e9quip\u00e9 d'un r\u00e9servoir de r\u00e9frig\u00e9rant pour compenser les variations de volume du gaz r\u00e9frig\u00e9rant dans le syst\u00e8me de r\u00e9frig\u00e9ration et pour stocker le gaz r\u00e9frig\u00e9rant en cas d'entretien ou de r\u00e9paration du syst\u00e8me. Le r\u00e9servoir est \u00e9quip\u00e9 de soupapes de s\u00e9curit\u00e9 qui le prot\u00e8gent contre les pressions \u00e9lev\u00e9es, r\u00e9pondant ainsi aux exigences strictes de qualit\u00e9 et de s\u00e9curit\u00e9 de l'installation frigorifique.<\/li><li><strong>R\u00e9frig\u00e9rant.<\/strong>\u00a0En fonction de la capacit\u00e9 de refroidissement requise pour l'installation, Moelco Levante travaille avec\u00a0<strong>Gaz fluor\u00e9s de haute s\u00e9curit\u00e9 HFC<\/strong>\u00a0et avec\u00a0<strong>ammoniac<\/strong>. Il est recommand\u00e9 d'utiliser de l'ammoniac ou un circuit de refroidissement indirect pour les installations n\u00e9cessitant une capacit\u00e9 de refroidissement \u00e9lev\u00e9e.\u00a0<strong>glicol-amoniaco<\/strong>. Bien que l'investissement soit plus \u00e9lev\u00e9 qu'avec les gaz HFC, il est plus rentable \u00e0 long terme, en plus des avantages suivants :<ul><li>Il est compatible avec l'environnement. Il ne d\u00e9truit pas la couche d'ozone et ne contribue pas \u00e0 l'effet de serre.<\/li><li>Il poss\u00e8de des propri\u00e9t\u00e9s thermodynamiques sup\u00e9rieures, de sorte que les syst\u00e8mes de r\u00e9frig\u00e9ration \u00e0 l'ammoniac consomment moins d'\u00e9nergie \u00e9lectrique.<\/li><li>Son odeur caract\u00e9ristique le rend tr\u00e8s s\u00fbr, car il signale les fuites.<\/li><li>Son co\u00fbt en tant que r\u00e9frig\u00e9rant est bien inf\u00e9rieur \u00e0 celui de tout autre r\u00e9frig\u00e9rant synth\u00e9tique.<\/li><\/ul><\/li><\/ul>\t\t\t\t\t\t\t\t<\/div>\n\t\t\t\t<\/div>\n\t\t\t\t\t<\/div>\n\t\t<\/div>\n\t\t\t\t\t<\/div>\n\t\t<\/section>\n\t\t\t\t<\/div>","protected":false},"excerpt":{"rendered":"<p>Grupo Frigor\u00edfico Vacuum Cooler Componentes de un Grupo Frigor\u00edfico La instalaci\u00f3n de un Grupo Frigor\u00edfico se compone de un conjunto de elementos entre los cuales se incluyen las bater\u00edas evaporadoras del interior de la c\u00e1mara, constituyendo un circuito frigor\u00edfico cerrado a trav\u00e9s del cual circula el refrigerante con el fin de condensar el vapor de [&hellip;]<\/p>\n","protected":false},"author":1,"featured_media":123,"parent":0,"menu_order":0,"comment_status":"closed","ping_status":"closed","template":"","meta":{"site-sidebar-layout":"no-sidebar","site-content-layout":"page-builder","ast-site-content-layout":"","site-content-style":"default","site-sidebar-style":"default","ast-global-header-display":"","ast-banner-title-visibility":"","ast-main-header-display":"","ast-hfb-above-header-display":"","ast-hfb-below-header-display":"","ast-hfb-mobile-header-display":"","site-post-title":"disabled","ast-breadcrumbs-content":"","ast-featured-img":"disabled","footer-sml-layout":"","theme-transparent-header-meta":"","adv-header-id-meta":"","stick-header-meta":"","header-above-stick-meta":"","header-main-stick-meta":"","header-below-stick-meta":"","astra-migrate-meta-layouts":"default","ast-page-background-enabled":"default","ast-page-background-meta":{"desktop":{"background-color":"var(--ast-global-color-4)","background-image":"","background-repeat":"repeat","background-position":"center center","background-size":"auto","background-attachment":"scroll","background-type":"","background-media":"","overlay-type":"","overlay-color":"","overlay-opacity":"","overlay-gradient":""},"tablet":{"background-color":"","background-image":"","background-repeat":"repeat","background-position":"center center","background-size":"auto","background-attachment":"scroll","background-type":"","background-media":"","overlay-type":"","overlay-color":"","overlay-opacity":"","overlay-gradient":""},"mobile":{"background-color":"","background-image":"","background-repeat":"repeat","background-position":"center center","background-size":"auto","background-attachment":"scroll","background-type":"","background-media":"","overlay-type":"","overlay-color":"","overlay-opacity":"","overlay-gradient":""}},"ast-content-background-meta":{"desktop":{"background-color":"var(--ast-global-color-5)","background-image":"","background-repeat":"repeat","background-position":"center center","background-size":"auto","background-attachment":"scroll","background-type":"","background-media":"","overlay-type":"","overlay-color":"","overlay-opacity":"","overlay-gradient":""},"tablet":{"background-color":"var(--ast-global-color-5)","background-image":"","background-repeat":"repeat","background-position":"center center","background-size":"auto","background-attachment":"scroll","background-type":"","background-media":"","overlay-type":"","overlay-color":"","overlay-opacity":"","overlay-gradient":""},"mobile":{"background-color":"var(--ast-global-color-5)","background-image":"","background-repeat":"repeat","background-position":"center center","background-size":"auto","background-attachment":"scroll","background-type":"","background-media":"","overlay-type":"","overlay-color":"","overlay-opacity":"","overlay-gradient":""}},"_joinchat":[],"footnotes":""},"class_list":["post-85","page","type-page","status-publish","has-post-thumbnail","hentry"],"_links":{"self":[{"href":"https:\/\/moelcolevante.net\/fr\/wp-json\/wp\/v2\/pages\/85","targetHints":{"allow":["GET"]}}],"collection":[{"href":"https:\/\/moelcolevante.net\/fr\/wp-json\/wp\/v2\/pages"}],"about":[{"href":"https:\/\/moelcolevante.net\/fr\/wp-json\/wp\/v2\/types\/page"}],"author":[{"embeddable":true,"href":"https:\/\/moelcolevante.net\/fr\/wp-json\/wp\/v2\/users\/1"}],"replies":[{"embeddable":true,"href":"https:\/\/moelcolevante.net\/fr\/wp-json\/wp\/v2\/comments?post=85"}],"version-history":[{"count":68,"href":"https:\/\/moelcolevante.net\/fr\/wp-json\/wp\/v2\/pages\/85\/revisions"}],"predecessor-version":[{"id":1867,"href":"https:\/\/moelcolevante.net\/fr\/wp-json\/wp\/v2\/pages\/85\/revisions\/1867"}],"wp:featuredmedia":[{"embeddable":true,"href":"https:\/\/moelcolevante.net\/fr\/wp-json\/wp\/v2\/media\/123"}],"wp:attachment":[{"href":"https:\/\/moelcolevante.net\/fr\/wp-json\/wp\/v2\/media?parent=85"}],"curies":[{"name":"wp","href":"https:\/\/api.w.org\/{rel}","templated":true}]}}