{"id":97,"date":"2022-07-19T10:54:08","date_gmt":"2022-07-19T08:54:08","guid":{"rendered":"https:\/\/moelcolevante.net\/?page_id=97"},"modified":"2022-09-01T12:09:37","modified_gmt":"2022-09-01T10:09:37","slug":"noticias","status":"publish","type":"page","link":"https:\/\/moelcolevante.net\/fr\/noticias\/","title":{"rendered":"Informations"},"content":{"rendered":"<div data-elementor-type=\"wp-page\" data-elementor-id=\"97\" class=\"elementor elementor-97\" data-elementor-post-type=\"page\">\n\t\t\t\t\t\t<section class=\"elementor-section elementor-top-section elementor-element elementor-element-6e0c5276 elementor-section-height-min-height elementor-section-boxed elementor-section-height-default elementor-section-items-middle\" data-id=\"6e0c5276\" data-element_type=\"section\" data-e-type=\"section\" data-settings=\"{&quot;background_background&quot;:&quot;classic&quot;}\">\n\t\t\t\t\t\t\t<div class=\"elementor-background-overlay\"><\/div>\n\t\t\t\t\t\t\t<div class=\"elementor-container elementor-column-gap-wider\">\n\t\t\t\t\t<div class=\"elementor-column elementor-col-50 elementor-top-column elementor-element elementor-element-379f83b1\" data-id=\"379f83b1\" data-element_type=\"column\" data-e-type=\"column\" data-settings=\"{&quot;background_background&quot;:&quot;classic&quot;}\">\n\t\t\t<div class=\"elementor-widget-wrap elementor-element-populated\">\n\t\t\t\t\t\t<div class=\"elementor-element elementor-element-40ff3c41 elementor-widget elementor-widget-heading\" data-id=\"40ff3c41\" data-element_type=\"widget\" data-e-type=\"widget\" data-widget_type=\"heading.default\">\n\t\t\t\t<div class=\"elementor-widget-container\">\n\t\t\t\t\t<h1 class=\"elementor-heading-title elementor-size-default\">Informations<\/h1>\t\t\t\t<\/div>\n\t\t\t\t<\/div>\n\t\t\t\t\t<\/div>\n\t\t<\/div>\n\t\t\t\t<div class=\"elementor-column elementor-col-50 elementor-top-column elementor-element elementor-element-6aef823a\" data-id=\"6aef823a\" data-element_type=\"column\" data-e-type=\"column\">\n\t\t\t<div class=\"elementor-widget-wrap\">\n\t\t\t\t\t\t\t<\/div>\n\t\t<\/div>\n\t\t\t\t\t<\/div>\n\t\t<\/section>\n\t\t\t\t<section class=\"elementor-section elementor-top-section elementor-element elementor-element-36129760 elementor-section-boxed elementor-section-height-default elementor-section-height-default\" data-id=\"36129760\" data-element_type=\"section\" data-e-type=\"section\">\n\t\t\t\t\t\t<div class=\"elementor-container elementor-column-gap-wider\">\n\t\t\t\t\t<div class=\"elementor-column elementor-col-100 elementor-top-column elementor-element elementor-element-48f967f9\" data-id=\"48f967f9\" data-element_type=\"column\" data-e-type=\"column\">\n\t\t\t<div class=\"elementor-widget-wrap elementor-element-populated\">\n\t\t\t\t\t\t<section class=\"elementor-section elementor-inner-section elementor-element elementor-element-67fb92e elementor-section-boxed elementor-section-height-default elementor-section-height-default\" data-id=\"67fb92e\" data-element_type=\"section\" data-e-type=\"section\">\n\t\t\t\t\t\t<div class=\"elementor-container elementor-column-gap-wider\">\n\t\t\t\t\t<div class=\"elementor-column elementor-col-100 elementor-inner-column elementor-element elementor-element-435811bb\" data-id=\"435811bb\" data-element_type=\"column\" data-e-type=\"column\">\n\t\t\t<div class=\"elementor-widget-wrap elementor-element-populated\">\n\t\t\t\t\t\t<div class=\"elementor-element elementor-element-4cb39ab elementor-widget__width-auto elementor-icon-list--layout-traditional elementor-list-item-link-full_width elementor-widget elementor-widget-icon-list\" data-id=\"4cb39ab\" data-element_type=\"widget\" data-e-type=\"widget\" data-widget_type=\"icon-list.default\">\n\t\t\t\t<div class=\"elementor-widget-container\">\n\t\t\t\t\t\t\t<ul class=\"elementor-icon-list-items\">\n\t\t\t\t\t\t\t<li class=\"elementor-icon-list-item\">\n\t\t\t\t\t\t\t\t\t\t\t<span class=\"elementor-icon-list-icon\">\n\t\t\t\t\t\t\t<i aria-hidden=\"true\" class=\"jki jki-flash-light\"><\/i>\t\t\t\t\t\t<\/span>\n\t\t\t\t\t\t\t\t\t\t<span class=\"elementor-icon-list-text\">Moelco Levante<\/span>\n\t\t\t\t\t\t\t\t\t<\/li>\n\t\t\t\t\t\t<\/ul>\n\t\t\t\t\t\t<\/div>\n\t\t\t\t<\/div>\n\t\t\t\t<div class=\"elementor-element elementor-element-2e166ba3 elementor-widget elementor-widget-heading\" data-id=\"2e166ba3\" data-element_type=\"widget\" data-e-type=\"widget\" data-widget_type=\"heading.default\">\n\t\t\t\t<div class=\"elementor-widget-container\">\n\t\t\t\t\t<h2 class=\"elementor-heading-title elementor-size-default\">Noticias &amp; Art\u00edculos<\/h2>\t\t\t\t<\/div>\n\t\t\t\t<\/div>\n\t\t\t\t\t<\/div>\n\t\t<\/div>\n\t\t\t\t\t<\/div>\n\t\t<\/section>\n\t\t\t\t<div class=\"elementor-element elementor-element-463a7143 elementor-grid-3 elementor-grid-tablet-2 elementor-grid-mobile-1 elementor-posts--thumbnail-top elementor-widget elementor-widget-posts\" data-id=\"463a7143\" data-element_type=\"widget\" data-e-type=\"widget\" data-settings=\"{&quot;classic_row_gap&quot;:{&quot;unit&quot;:&quot;px&quot;,&quot;size&quot;:65,&quot;sizes&quot;:[]},&quot;pagination_type&quot;:&quot;numbers_and_prev_next&quot;,&quot;classic_columns&quot;:&quot;3&quot;,&quot;classic_columns_tablet&quot;:&quot;2&quot;,&quot;classic_columns_mobile&quot;:&quot;1&quot;,&quot;classic_row_gap_laptop&quot;:{&quot;unit&quot;:&quot;px&quot;,&quot;size&quot;:&quot;&quot;,&quot;sizes&quot;:[]},&quot;classic_row_gap_tablet&quot;:{&quot;unit&quot;:&quot;px&quot;,&quot;size&quot;:&quot;&quot;,&quot;sizes&quot;:[]},&quot;classic_row_gap_mobile&quot;:{&quot;unit&quot;:&quot;px&quot;,&quot;size&quot;:&quot;&quot;,&quot;sizes&quot;:[]}}\" data-widget_type=\"posts.classic\">\n\t\t\t\t<div class=\"elementor-widget-container\">\n\t\t\t\t\t\t\t<div class=\"elementor-posts-container elementor-posts elementor-posts--skin-classic elementor-grid\" role=\"list\">\n\t\t\t\t<article class=\"elementor-post elementor-grid-item post-720 post type-post status-publish format-standard has-post-thumbnail hentry category-vacuum-cooler\" role=\"listitem\">\n\t\t\t\t<a class=\"elementor-post__thumbnail__link\" href=\"https:\/\/moelcolevante.net\/fr\/moelco-levante-abre-nuevas-vias-de-negocio-en-el-extranjero\/\" tabindex=\"-1\">\n\t\t\t<div class=\"elementor-post__thumbnail\"><img fetchpriority=\"high\" decoding=\"async\" width=\"1024\" height=\"628\" src=\"https:\/\/moelcolevante.net\/wp-content\/uploads\/2022\/08\/moelco-levante-vias-negocio-extranjero-1024x628.jpg\" class=\"attachment-large size-large wp-image-721\" alt=\"moelco-levante-vias-negocio-extranjero\" srcset=\"https:\/\/moelcolevante.net\/wp-content\/uploads\/2022\/08\/moelco-levante-vias-negocio-extranjero-1024x628.jpg 1024w, https:\/\/moelcolevante.net\/wp-content\/uploads\/2022\/08\/moelco-levante-vias-negocio-extranjero-300x184.jpg 300w, https:\/\/moelcolevante.net\/wp-content\/uploads\/2022\/08\/moelco-levante-vias-negocio-extranjero-768x471.jpg 768w, https:\/\/moelcolevante.net\/wp-content\/uploads\/2022\/08\/moelco-levante-vias-negocio-extranjero.jpg 1080w\" sizes=\"(max-width: 1024px) 100vw, 1024px\" title=\"\"><\/div>\n\t\t<\/a>\n\t\t\t\t<div class=\"elementor-post__text\">\n\t\t\t\t<h3 class=\"elementor-post__title\">\n\t\t\t<a href=\"https:\/\/moelcolevante.net\/fr\/moelco-levante-abre-nuevas-vias-de-negocio-en-el-extranjero\/\">\n\t\t\t\tMoelco Levante ouvre de nouvelles voies commerciales \u00e0 l'\u00e9tranger\t\t\t<\/a>\n\t\t<\/h3>\n\t\t\t\t<div class=\"elementor-post__meta-data\">\n\t\t\t\t\t<span class=\"elementor-post-date\">\n\t\t\t09\/10\/2019\t\t<\/span>\n\t\t\t\t<span class=\"elementor-post-avatar\">\n\t\t\tAucun commentaire\t\t<\/span>\n\t\t\t\t<\/div>\n\t\t\t\t<div class=\"elementor-post__excerpt\">\n\t\t\t<p>Le journal r\u00e9gional La Opini\u00f3n de Murcia a publi\u00e9 un article sur Moelco Levante S.L. \u00e0 l'occasion de la foire Fame Innowa par Antonio Conrado. Le leadership dans la construction et le service d'unit\u00e9s Vacuum Cooler, machines pour l'application du vide dans la conservation des aliments, est toujours entre les mains de cette entreprise.<\/p>\n\t\t<\/div>\n\t\t\n\t\t<a class=\"elementor-post__read-more\" href=\"https:\/\/moelcolevante.net\/fr\/moelco-levante-abre-nuevas-vias-de-negocio-en-el-extranjero\/\" aria-label=\"En savoir plus sur Moelco Levante abre nuevas v\u00edas de negocio en el extranjero\" tabindex=\"-1\">\n\t\t\tEn savoir plus\t\t<\/a>\n\n\t\t\t\t<\/div>\n\t\t\t\t<\/article>\n\t\t\t\t<article class=\"elementor-post elementor-grid-item post-745 post type-post status-publish format-standard has-post-thumbnail hentry category-vacuum-cooler\" role=\"listitem\">\n\t\t\t\t<a class=\"elementor-post__thumbnail__link\" href=\"https:\/\/moelcolevante.net\/fr\/vacuum-cooler-permite-iniciar-el-ciclo-de-frio-de-forma-rapida\/\" tabindex=\"-1\">\n\t\t\t<div class=\"elementor-post__thumbnail\"><img decoding=\"async\" width=\"1024\" height=\"768\" src=\"https:\/\/moelcolevante.net\/wp-content\/uploads\/2022\/08\/ciclos-procesos-funcionamiento-vacuum-cooler-1024x768.jpg\" class=\"attachment-large size-large wp-image-1323\" alt=\"ciclos-procesos-funcionamiento-vacuum-cooler\" srcset=\"https:\/\/moelcolevante.net\/wp-content\/uploads\/2022\/08\/ciclos-procesos-funcionamiento-vacuum-cooler-1024x768.jpg 1024w, https:\/\/moelcolevante.net\/wp-content\/uploads\/2022\/08\/ciclos-procesos-funcionamiento-vacuum-cooler-300x225.jpg 300w, https:\/\/moelcolevante.net\/wp-content\/uploads\/2022\/08\/ciclos-procesos-funcionamiento-vacuum-cooler-768x576.jpg 768w, https:\/\/moelcolevante.net\/wp-content\/uploads\/2022\/08\/ciclos-procesos-funcionamiento-vacuum-cooler.jpg 1080w\" sizes=\"(max-width: 1024px) 100vw, 1024px\" title=\"\"><\/div>\n\t\t<\/a>\n\t\t\t\t<div class=\"elementor-post__text\">\n\t\t\t\t<h3 class=\"elementor-post__title\">\n\t\t\t<a href=\"https:\/\/moelcolevante.net\/fr\/vacuum-cooler-permite-iniciar-el-ciclo-de-frio-de-forma-rapida\/\">\n\t\t\t\tLe Vacuum Cooler permet de d\u00e9marrer rapidement le cycle de refroidissement.\t\t\t<\/a>\n\t\t<\/h3>\n\t\t\t\t<div class=\"elementor-post__meta-data\">\n\t\t\t\t\t<span class=\"elementor-post-date\">\n\t\t\t06\/10\/2019\t\t<\/span>\n\t\t\t\t<span class=\"elementor-post-avatar\">\n\t\t\tAucun commentaire\t\t<\/span>\n\t\t\t\t<\/div>\n\t\t\t\t<div class=\"elementor-post__excerpt\">\n\t\t\t<p>Le s\u00e9minaire national des fruits et l\u00e9gumes Valencia Fruits a publi\u00e9 une interview de notre ing\u00e9nieur Josep Mart\u00ed dans laquelle il explique le fonctionnement d'une machine de refroidissement sous vide, ses applications et l'avenir de ce processus.   Moelco Levante S.L. est une entreprise du groupe Moelco qui dispose d'un produit pour les applications sous vide.<\/p>\n\t\t<\/div>\n\t\t\n\t\t<a class=\"elementor-post__read-more\" href=\"https:\/\/moelcolevante.net\/fr\/vacuum-cooler-permite-iniciar-el-ciclo-de-frio-de-forma-rapida\/\" aria-label=\"En savoir plus sur Vacuum Cooler permite iniciar el ciclo de fr\u00edo de forma r\u00e1pida\" tabindex=\"-1\">\n\t\t\tEn savoir plus\t\t<\/a>\n\n\t\t\t\t<\/div>\n\t\t\t\t<\/article>\n\t\t\t\t<article class=\"elementor-post elementor-grid-item post-801 post type-post status-publish format-standard has-post-thumbnail hentry category-vacuum-cooler\" role=\"listitem\">\n\t\t\t\t<a class=\"elementor-post__thumbnail__link\" href=\"https:\/\/moelcolevante.net\/fr\/un-fruto-mas-duradero\/\" tabindex=\"-1\">\n\t\t\t<div class=\"elementor-post__thumbnail\"><img decoding=\"async\" width=\"600\" height=\"413\" src=\"https:\/\/moelcolevante.net\/wp-content\/uploads\/2022\/08\/vacuum-cooler-verduras-aptas.webp\" class=\"attachment-large size-large wp-image-1477\" alt=\"\" srcset=\"https:\/\/moelcolevante.net\/wp-content\/uploads\/2022\/08\/vacuum-cooler-verduras-aptas.webp 600w, https:\/\/moelcolevante.net\/wp-content\/uploads\/2022\/08\/vacuum-cooler-verduras-aptas-300x207.webp 300w\" sizes=\"(max-width: 600px) 100vw, 600px\" title=\"\"><\/div>\n\t\t<\/a>\n\t\t\t\t<div class=\"elementor-post__text\">\n\t\t\t\t<h3 class=\"elementor-post__title\">\n\t\t\t<a href=\"https:\/\/moelcolevante.net\/fr\/un-fruto-mas-duradero\/\">\n\t\t\t\tDes fruits qui durent plus longtemps\t\t\t<\/a>\n\t\t<\/h3>\n\t\t\t\t<div class=\"elementor-post__meta-data\">\n\t\t\t\t\t<span class=\"elementor-post-date\">\n\t\t\t03\/10\/2019\t\t<\/span>\n\t\t\t\t<span class=\"elementor-post-avatar\">\n\t\t\tAucun commentaire\t\t<\/span>\n\t\t\t\t<\/div>\n\t\t\t\t<div class=\"elementor-post__excerpt\">\n\t\t\t<p>Extrait de l'\u00e9mission \"Diario del Campo\" sur 7TV Regi\u00f3n de Murcia.<\/p>\n\t\t<\/div>\n\t\t\n\t\t<a class=\"elementor-post__read-more\" href=\"https:\/\/moelcolevante.net\/fr\/un-fruto-mas-duradero\/\" aria-label=\"En savoir plus sur Un fruto m\u00e1s duradero\" tabindex=\"-1\">\n\t\t\tEn savoir plus\t\t<\/a>\n\n\t\t\t\t<\/div>\n\t\t\t\t<\/article>\n\t\t\t\t<\/div>\n\t\t\n\t\t\t\t\t\t<\/div>\n\t\t\t\t<\/div>\n\t\t\t\t\t<\/div>\n\t\t<\/div>\n\t\t\t\t\t<\/div>\n\t\t<\/section>\n\t\t\t\t<\/div>","protected":false},"excerpt":{"rendered":"<p>Noticias Moelco Levante Noticias &#038; Art\u00edculos<\/p>","protected":false},"author":1,"featured_media":123,"parent":0,"menu_order":0,"comment_status":"closed","ping_status":"closed","template":"","meta":{"site-sidebar-layout":"no-sidebar","site-content-layout":"page-builder","ast-site-content-layout":"","site-content-style":"default","site-sidebar-style":"default","ast-global-header-display":"","ast-banner-title-visibility":"","ast-main-header-display":"","ast-hfb-above-header-display":"","ast-hfb-below-header-display":"","ast-hfb-mobile-header-display":"","site-post-title":"disabled","ast-breadcrumbs-content":"","ast-featured-img":"disabled","footer-sml-layout":"","theme-transparent-header-meta":"","adv-header-id-meta":"","stick-header-meta":"","header-above-stick-meta":"","header-main-stick-meta":"","header-below-stick-meta":"","astra-migrate-meta-layouts":"default","ast-page-background-enabled":"default","ast-page-background-meta":{"desktop":{"background-color":"var(--ast-global-color-4)","background-image":"","background-repeat":"repeat","background-position":"center center","background-size":"auto","background-attachment":"scroll","background-type":"","background-media":"","overlay-type":"","overlay-color":"","overlay-opacity":"","overlay-gradient":""},"tablet":{"background-color":"","background-image":"","background-repeat":"repeat","background-position":"center center","background-size":"auto","background-attachment":"scroll","background-type":"","background-media":"","overlay-type":"","overlay-color":"","overlay-opacity":"","overlay-gradient":""},"mobile":{"background-color":"","background-image":"","background-repeat":"repeat","background-position":"center center","background-size":"auto","background-attachment":"scroll","background-type":"","background-media":"","overlay-type":"","overlay-color":"","overlay-opacity":"","overlay-gradient":""}},"ast-content-background-meta":{"desktop":{"background-color":"var(--ast-global-color-5)","background-image":"","background-repeat":"repeat","background-position":"center center","background-size":"auto","background-attachment":"scroll","background-type":"","background-media":"","overlay-type":"","overlay-color":"","overlay-opacity":"","overlay-gradient":""},"tablet":{"background-color":"var(--ast-global-color-5)","background-image":"","background-repeat":"repeat","background-position":"center center","background-size":"auto","background-attachment":"scroll","background-type":"","background-media":"","overlay-type":"","overlay-color":"","overlay-opacity":"","overlay-gradient":""},"mobile":{"background-color":"var(--ast-global-color-5)","background-image":"","background-repeat":"repeat","background-position":"center center","background-size":"auto","background-attachment":"scroll","background-type":"","background-media":"","overlay-type":"","overlay-color":"","overlay-opacity":"","overlay-gradient":""}},"_joinchat":[],"footnotes":""},"class_list":["post-97","page","type-page","status-publish","has-post-thumbnail","hentry"],"_links":{"self":[{"href":"https:\/\/moelcolevante.net\/fr\/wp-json\/wp\/v2\/pages\/97","targetHints":{"allow":["GET"]}}],"collection":[{"href":"https:\/\/moelcolevante.net\/fr\/wp-json\/wp\/v2\/pages"}],"about":[{"href":"https:\/\/moelcolevante.net\/fr\/wp-json\/wp\/v2\/types\/page"}],"author":[{"embeddable":true,"href":"https:\/\/moelcolevante.net\/fr\/wp-json\/wp\/v2\/users\/1"}],"replies":[{"embeddable":true,"href":"https:\/\/moelcolevante.net\/fr\/wp-json\/wp\/v2\/comments?post=97"}],"version-history":[{"count":35,"href":"https:\/\/moelcolevante.net\/fr\/wp-json\/wp\/v2\/pages\/97\/revisions"}],"predecessor-version":[{"id":1888,"href":"https:\/\/moelcolevante.net\/fr\/wp-json\/wp\/v2\/pages\/97\/revisions\/1888"}],"wp:featuredmedia":[{"embeddable":true,"href":"https:\/\/moelcolevante.net\/fr\/wp-json\/wp\/v2\/media\/123"}],"wp:attachment":[{"href":"https:\/\/moelcolevante.net\/fr\/wp-json\/wp\/v2\/media?parent=97"}],"curies":[{"name":"wp","href":"https:\/\/api.w.org\/{rel}","templated":true}]}}